{"id":19557,"date":"2025-06-17T18:27:02","date_gmt":"2025-06-17T16:27:02","guid":{"rendered":"https:\/\/gpdmc.com\/our-team\/"},"modified":"2026-03-25T19:00:18","modified_gmt":"2026-03-25T18:00:18","slug":"equipo","status":"publish","type":"page","link":"https:\/\/gpdmc.com\/es\/equipo\/","title":{"rendered":"Equipo"},"content":{"rendered":"\t\t<div data-elementor-type=\"wp-page\" data-elementor-id=\"19557\" class=\"elementor elementor-19557\" data-elementor-post-type=\"page\">\n\t\t\t\t\t\t<section class=\"elementor-section elementor-top-section elementor-element elementor-element-508359ea elementor-section-boxed elementor-section-height-default elementor-section-height-default sc_fly_static\" data-id=\"508359ea\" data-element_type=\"section\">\n\t\t\t\t\t\t<div class=\"elementor-container elementor-column-gap-extended\">\n\t\t\t\t\t<div class=\"elementor-column elementor-col-100 elementor-top-column elementor-element elementor-element-71478337 sc_content_align_inherit sc_layouts_column_icons_position_left sc_fly_static\" data-id=\"71478337\" data-element_type=\"column\">\n\t\t\t<div class=\"elementor-widget-wrap elementor-element-populated\">\n\t\t\t\t\t\t<div class=\"elementor-element elementor-element-755e1f41 sc_fly_static elementor-widget elementor-widget-slider_revolution\" data-id=\"755e1f41\" data-element_type=\"widget\" data-widget_type=\"slider_revolution.default\">\n\t\t\t\t<div class=\"elementor-widget-container\">\n\t\t\t\t\t\n\t\t<div class=\"wp-block-themepunch-revslider\">\n\t\t\t<!-- START Our Team (Es) REVOLUTION SLIDER 6.7.32 --><p class=\"rs-p-wp-fix\"><\/p>\n\t\t\t<rs-module-wrap id=\"rev_slider_14_1_wrapper\" data-source=\"gallery\" style=\"visibility:hidden;background:transparent;padding:0;\">\n\t\t\t\t<rs-module id=\"rev_slider_14_1\" style=\"\" data-version=\"6.7.32\">\n\t\t\t\t\t<rs-slides style=\"overflow: hidden; position: absolute;\">\n\t\t\t\t\t\t<rs-slide style=\"position: absolute;\" data-key=\"rs-27\" data-title=\"Slide\" data-anim=\"ms:1000ms;\" data-in=\"o:0;\" data-out=\"a:false;\" data-mediafilter=\"aden\">\n\t\t\t\t\t\t\t<img fetchpriority=\"high\" decoding=\"async\" src=\"\/\/gpdmc.com\/wp-content\/plugins\/revslider\/sr6\/assets\/assets\/dummy.png\" alt=\"\" title=\"empresarios-interactuando-dentro-del-edificio-de-oficinas (1)\" width=\"1920\" height=\"1280\" class=\"rev-slidebg tp-rs-img rs-lazyload\" data-lazyload=\"\/\/gpdmc.com\/wp-content\/uploads\/2025\/09\/empresarios-interactuando-dentro-del-edificio-de-oficinas-1.jpg\" data-parallax=\"off\" data-no-retina>\n<!--\t\t\t\t\t\t--><rs-zone id=\"rrzm_27\" class=\"rev_row_zone_middle\" style=\"z-index: 6;\"><!--\n\n\t\t\t\t\t\t\t\t--><rs-row\n\t\t\t\t\t\t\t\t\tid=\"slider-14-slide-27-layer-0\" \n\t\t\t\t\t\t\t\t\tdata-type=\"row\"\n\t\t\t\t\t\t\t\t\tdata-xy=\"xo:50px;yo:50px;\"\n\t\t\t\t\t\t\t\t\tdata-rsp_bd=\"off\"\n\t\t\t\t\t\t\t\t\tdata-padding=\"t:10;r:10;b:10;l:10;\"\n\t\t\t\t\t\t\t\t\tdata-frame_0=\"o:1;\"\n\t\t\t\t\t\t\t\t\tdata-frame_999=\"o:0;st:w;sA:9000;\"\n\t\t\t\t\t\t\t\t\tstyle=\"z-index:6;\"\n\t\t\t\t\t\t\t\t><!--\n\t\t\t\t\t\t\t\t\t--><rs-column\n\t\t\t\t\t\t\t\t\t\tid=\"slider-14-slide-27-layer-1\" \n\t\t\t\t\t\t\t\t\t\tdata-type=\"column\"\n\t\t\t\t\t\t\t\t\t\tdata-xy=\"xo:50px;yo:50px;\"\n\t\t\t\t\t\t\t\t\t\tdata-text=\"a:center;\"\n\t\t\t\t\t\t\t\t\t\tdata-rsp_bd=\"off\"\n\t\t\t\t\t\t\t\t\t\tdata-column=\"w:100%;a:middle;\"\n\t\t\t\t\t\t\t\t\t\tdata-padding=\"t:10;r:10;b:10;l:10;\"\n\t\t\t\t\t\t\t\t\t\tdata-frame_0=\"o:1;\"\n\t\t\t\t\t\t\t\t\t\tdata-frame_999=\"o:0;st:w;sA:9000;\"\n\t\t\t\t\t\t\t\t\t\tstyle=\"z-index:6;width:100%;\"\n\t\t\t\t\t\t\t\t\t><!--\n\t\t\t\t\t\t\t\t\t\t--><h1\n\t\t\t\t\t\t\t\t\t\t\tid=\"slider-14-slide-27-layer-5\" \n\t\t\t\t\t\t\t\t\t\t\tclass=\"rs-layer\"\n\t\t\t\t\t\t\t\t\t\t\tdata-type=\"text\"\n\t\t\t\t\t\t\t\t\t\t\tdata-color=\"#428dcc\"\n\t\t\t\t\t\t\t\t\t\t\tdata-xy=\"xo:0,35px,35px,35px;yo:0,281px,281px,281px;\"\n\t\t\t\t\t\t\t\t\t\t\tdata-pos=\"r\"\n\t\t\t\t\t\t\t\t\t\t\tdata-text=\"w:normal;s:75,60,48,36;l:59,54,42,34;ls:0,0,0px,0px;fw:500;a:center;\"\n\t\t\t\t\t\t\t\t\t\t\tdata-basealign=\"group\"\n\t\t\t\t\t\t\t\t\t\t\tdata-rsp_o=\"off\"\n\t\t\t\t\t\t\t\t\t\t\tdata-rsp_bd=\"off\"\n\t\t\t\t\t\t\t\t\t\t\tdata-margin=\"b:30;\"\n\t\t\t\t\t\t\t\t\t\t\tdata-frame_0=\"y:21px;\"\n\t\t\t\t\t\t\t\t\t\t\tdata-frame_1=\"e:power3.out;st:650;sp:1500;sR:650;\"\n\t\t\t\t\t\t\t\t\t\t\tdata-frame_999=\"o:0;st:w;sR:6850;\"\n\t\t\t\t\t\t\t\t\t\t\tstyle=\"z-index:7;font-family:'Raleway';\"\n\t\t\t\t\t\t\t\t\t\t>Equipo \n\t\t\t\t\t\t\t\t\t\t<\/h1><!--\n\t\t\t\t\t\t\t\t\t--><\/rs-column><!--\n\t\t\t\t\t\t\t\t--><\/rs-row><!--\n\t\t\t\t\t\t\t--><\/rs-zone><!--\n\n\t\t\t\t\t\t\t--><rs-layer\n\t\t\t\t\t\t\t\tid=\"slider-14-slide-27-layer-2\" \n\t\t\t\t\t\t\t\tclass=\"rev-btn\"\n\t\t\t\t\t\t\t\tdata-type=\"button\"\n\t\t\t\t\t\t\t\tdata-rsp_ch=\"on\"\n\t\t\t\t\t\t\t\tdata-xy=\"x:c;yo:550px,412px,265px,264px;\"\n\t\t\t\t\t\t\t\tdata-text=\"w:normal;s:20,15,15,15;l:55,41,22,13;fw:500;\"\n\t\t\t\t\t\t\t\tdata-dim=\"minh:0px,none,none,none;\"\n\t\t\t\t\t\t\t\tdata-actions='id:explore;o:click;a:scrollto;sp:1000ms;e:power1.inOut;'\n\t\t\t\t\t\t\t\tdata-basealign=\"group\"\n\t\t\t\t\t\t\t\tdata-padding=\"t:0,0,3,5;r:50,38,21,13;b:0,0,3,5;l:50,38,21,13;\"\n\t\t\t\t\t\t\t\tdata-border=\"bor:3px,3px,3px,3px;\"\n\t\t\t\t\t\t\t\tdata-frame_999=\"o:0;st:w;\"\n\t\t\t\t\t\t\t\tdata-frame_hover=\"bgc:#007aff;bor:3px,3px,3px,3px;sp:100;e:power1.inOut;bri:120%;\"\n\t\t\t\t\t\t\t\tstyle=\"z-index:8;background-color:#428dcc;font-family:'DM Sans';\"\n\t\t\t\t\t\t\t>Aprende m\u00e1s \n\t\t\t\t\t\t\t<\/rs-layer><!--\n\n\t\t\t\t\t\t\t--><rs-layer\n\t\t\t\t\t\t\t\tid=\"slider-14-slide-27-layer-4\" \n\t\t\t\t\t\t\t\tdata-type=\"shape\"\n\t\t\t\t\t\t\t\tdata-rsp_ch=\"on\"\n\t\t\t\t\t\t\t\tdata-xy=\"xo:-28px,-21px,-11px,-6px;yo:-81px,-60px,-32px,-19px;\"\n\t\t\t\t\t\t\t\tdata-text=\"w:normal;s:20,15,8,4;l:0,18,9,6;\"\n\t\t\t\t\t\t\t\tdata-dim=\"w:2683px,2012px,1087px,670px;h:1336px,1002px,541px,333px;\"\n\t\t\t\t\t\t\t\tdata-frame_999=\"o:0;st:w;\"\n\t\t\t\t\t\t\t\tstyle=\"z-index:4;background-color:rgba(255,223,191,0);\"\n\t\t\t\t\t\t\t> \n\t\t\t\t\t\t\t<\/rs-layer><!--\n-->\t\t\t\t\t<\/rs-slide>\n\t\t\t\t\t<\/rs-slides>\n\t\t\t\t\t<rs-static-layers><!--\n\t\t\t\t\t--><\/rs-static-layers>\n\t\t\t\t<\/rs-module>\n\t\t\t\t<script>\n\t\t\t\t\tsetREVStartSize({c: 'rev_slider_14_1',rl:[1240,1460,785,500],el:[940,700,480,480],gw:[1920,1440,778,480],gh:[940,700,480,480],type:'standard',justify:'',layout:'fullscreen',offsetContainer:'',offset:'',mh:\"480px\"});if (window.RS_MODULES!==undefined && window.RS_MODULES.modules!==undefined && window.RS_MODULES.modules[\"revslider141\"]!==undefined) {window.RS_MODULES.modules[\"revslider141\"].once = false;window.revapi14 = undefined;if (window.RS_MODULES.checkMinimal!==undefined) window.RS_MODULES.checkMinimal()}\n\t\t\t\t<\/script>\n\t\t\t<\/rs-module-wrap>\n\t\t\t<!-- END REVOLUTION SLIDER -->\n<\/div>\n\n\t\t\t\t\t\t<\/div>\n\t\t\t\t<\/div>\n\t\t\t\t\t<\/div>\n\t\t<\/div>\n\t\t\t\t\t<\/div>\n\t\t<\/section>\n\t\t\t\t<section class=\"elementor-section elementor-top-section elementor-element elementor-element-714cca0 elementor-section-boxed elementor-section-height-default elementor-section-height-default sc_fly_static\" data-id=\"714cca0\" data-element_type=\"section\" id=\"explore\" data-settings=\"{&quot;background_background&quot;:&quot;classic&quot;}\">\n\t\t\t\t\t\t<div class=\"elementor-container elementor-column-gap-extended\">\n\t\t\t\t\t<div class=\"elementor-column elementor-col-100 elementor-top-column elementor-element elementor-element-831b22f sc_content_align_inherit sc_layouts_column_icons_position_left sc_fly_static\" data-id=\"831b22f\" data-element_type=\"column\">\n\t\t\t<div class=\"elementor-widget-wrap elementor-element-populated\">\n\t\t\t\t\t\t<div class=\"elementor-element elementor-element-508b159 sc_fly_static elementor-widget elementor-widget-spacer\" data-id=\"508b159\" data-element_type=\"widget\" data-widget_type=\"spacer.default\">\n\t\t\t\t<div class=\"elementor-widget-container\">\n\t\t\t\t\t\t\t<div class=\"elementor-spacer\">\n\t\t\t<div class=\"elementor-spacer-inner\"><\/div>\n\t\t<\/div>\n\t\t\t\t\t\t<\/div>\n\t\t\t\t<\/div>\n\t\t\t\t<div class=\"elementor-element elementor-element-edade7d sc_fly_static elementor-widget elementor-widget-trx_sc_icons\" data-id=\"edade7d\" data-element_type=\"widget\" data-widget_type=\"trx_sc_icons.default\">\n\t\t\t\t<div class=\"elementor-widget-container\">\n\t\t\t\t\t<div \tclass=\"sc_icons sc_icons_card sc_icons_size_medium sc_align_left\" ><div class=\"sc_icons_columns_wrap sc_item_columns trx_addons_columns_wrap columns_padding_bottom columns_in_single_row\" ><div class=\"trx_addons_column-1_2\"><div class=\"sc_icons_item with_more\"><div class=\"sc_icons_image\" ><img decoding=\"async\" src=\"\/\/gpdmc.com\/wp-content\/uploads\/2025\/09\/Avatar-Antonio-Small.png\" alt=\"Icon\" width=\"480\" height=\"720\"><\/div><div class=\"sc_icons_item_details\"><h4 class=\"sc_icons_item_title\"><span>Antonio<\/span><\/h4><div class=\"sc_icons_item_description\" style=\"color:#000000;\"><p>Con muchos a\u00f1os de experiencia y conocimientos. Director de la compa\u00f1\u00eda. Un espa\u00f1ol que ha vivido durante largos periodos en Francia, Irlanda, Reino Unido y Estados Unidos. Estudi\u00f3 lenguas modernas en el King\u2019s College de la Universidad de Londres y obtuvo su MA y Ph.D. en la Universidad del Sur de California en Los \u00c1ngeles. En 2015 curs\u00f3 un Executive M\u00e1ster en la Universidad de Oxford en Liderazgo Global. Lleva trabajando en la industria desde el a\u00f1o 1988. Es miembro de SITE y MPI desde 1998. Director de los M\u00e1sters Ejecutivos de la Escuela de Turismo y Hosteler\u00eda de HTSI en Barcelona de 2011 a 2022.<\/p><\/div><\/div><\/div><\/div><div class=\"trx_addons_column-1_2\"><div class=\"sc_icons_item with_more\"><div class=\"sc_icons_image\" ><img decoding=\"async\" src=\"\/\/gpdmc.com\/wp-content\/uploads\/2025\/09\/Avatar-Cristina-Small.png\" alt=\"Icon\" width=\"480\" height=\"720\"><\/div><div class=\"sc_icons_item_details\"><h4 class=\"sc_icons_item_title\"><span>Cristina <\/span><\/h4><div class=\"sc_icons_item_description\" style=\"color:var(--e-global-color-7a1ccbe5);\"><p>Entusiasta y alegre. Gerente de Eventos y Marketing para EMEA, dirigiendo todas nuestras oficinas. Tiene un M\u00e1ster en Marketing y Ventas y un MBA en EAE Business School. Tiene experiencia de 15 a\u00f1os y ha vivido en Italia durante un par de a\u00f1os. Habla varios idiomas y es una persona muy creativa y trabajadora. Ha viajado mucho y conoce de primera mano los restaurantes, lugares especiales y sitios de moda de la ciudad. Se maneja con comodidad con clientes internacionales habiendo trabajado en multinacionales del sector. Con una personalidad chispeante, siempre dispuesta a ayudar en lo que sea necesario.<\/p><\/div><\/div><\/div><\/div><\/div><\/div><!-- \/.sc_icons -->\t\t\t\t<\/div>\n\t\t\t\t<\/div>\n\t\t\t\t<div class=\"elementor-element elementor-element-b766d42 sc_fly_static elementor-widget elementor-widget-trx_sc_icons\" data-id=\"b766d42\" data-element_type=\"widget\" data-widget_type=\"trx_sc_icons.default\">\n\t\t\t\t<div class=\"elementor-widget-container\">\n\t\t\t\t\t<div \tclass=\"sc_icons sc_icons_card sc_icons_size_medium sc_align_left\" ><div class=\"sc_icons_columns_wrap sc_item_columns trx_addons_columns_wrap columns_padding_bottom columns_in_single_row\" ><div class=\"trx_addons_column-1_3 trx_addons_column-1_2-tablet\"><div class=\"sc_icons_item with_more\"><div class=\"sc_icons_image\" ><img loading=\"lazy\" decoding=\"async\" src=\"\/\/gpdmc.com\/wp-content\/uploads\/2025\/09\/Avatar-Angeles-Small.png\" alt=\"Icon\" width=\"480\" height=\"720\"><\/div><div class=\"sc_icons_item_details\"><h4 class=\"sc_icons_item_title\"><span>\u00c1ngeles<\/span><\/h4><div class=\"sc_icons_item_description\" style=\"color:var(--e-global-color-7a1ccbe5);\"><p>Din\u00e1mica y creativa, viene del sur de Espa\u00f1a. Gerente de Proyectos de Grupos. Licenciada por la Universidad de Granada, curs\u00f3 un m\u00e1ster en Los \u00c1ngeles, California donde vivi\u00f3 unos a\u00f1os. Tiene 15 a\u00f1os de experiencia como directora de proyectos encargada de grandes cuentas. Maneja todas las situaciones con una gran sonrisa y posee muchos recursos dif\u00edciles de encontrar en el sector.<\/p><\/div><\/div><\/div><\/div><div class=\"trx_addons_column-1_3 trx_addons_column-1_2-tablet\"><div class=\"sc_icons_item with_more\"><div class=\"sc_icons_image\" ><img loading=\"lazy\" decoding=\"async\" src=\"\/\/gpdmc.com\/wp-content\/uploads\/2025\/09\/Avatar-Carlos-Small-1.png\" alt=\"Icon\" width=\"480\" height=\"720\"><\/div><div class=\"sc_icons_item_details\"><h4 class=\"sc_icons_item_title\"><span>Carlos<\/span><\/h4><div class=\"sc_icons_item_description\" style=\"color:var(--e-global-color-7a1ccbe5);\"><p>Amigable y positivo. Coordinador de Grupos. Con 35 a\u00f1os es licenciado en Turismo y Direcci\u00f3n Hotelera por la Universidad de Barcelona. Con una mente muy organizada se encarga de que todo encaje a la perfecci\u00f3n en cada evento del que se encarga. Mucha experiencia que ha ido adquiriendo en otras compa\u00f1\u00edas importantes del sector como Meli\u00e1 Hotels International. Siempre est\u00e1 dispuesto a ayudar con una sonrisa.<\/p><\/div><\/div><\/div><\/div><div class=\"trx_addons_column-1_3 trx_addons_column-1_2-tablet\"><div class=\"sc_icons_item with_more\"><div class=\"sc_icons_image\" ><img loading=\"lazy\" decoding=\"async\" src=\"\/\/gpdmc.com\/wp-content\/uploads\/2025\/09\/Avatar-Guillem-Small.png\" alt=\"Icon\" width=\"480\" height=\"720\"><\/div><div class=\"sc_icons_item_details\"><h4 class=\"sc_icons_item_title\"><span>Guillem<\/span><\/h4><div class=\"sc_icons_item_description\" style=\"color:var(--e-global-color-7a1ccbe5);\"><p>Activo y disciplinado. Coordinador de Grupos. El miembro m\u00e1s joven del equipo con 25 a\u00f1os y nacido en Barcelona. Acaba de finalizar un Master en Organizaci\u00f3n de Eventos y Turismo de Negocios en IQS Executive Education y tiene muchas ganas de aprender los secretos del sector. Es un entusiasta del deporte y combina sus estudios y carrera laboral con la pr\u00e1ctica de futbol a nivel semiprofesional.<\/p><\/div><\/div><\/div><\/div><\/div><\/div><!-- \/.sc_icons -->\t\t\t\t<\/div>\n\t\t\t\t<\/div>\n\t\t\t\t<div class=\"elementor-element elementor-element-ad8e557 sc_fly_static elementor-widget elementor-widget-spacer\" data-id=\"ad8e557\" data-element_type=\"widget\" data-widget_type=\"spacer.default\">\n\t\t\t\t<div class=\"elementor-widget-container\">\n\t\t\t\t\t\t\t<div class=\"elementor-spacer\">\n\t\t\t<div class=\"elementor-spacer-inner\"><\/div>\n\t\t<\/div>\n\t\t\t\t\t\t<\/div>\n\t\t\t\t<\/div>\n\t\t\t\t<div class=\"elementor-element elementor-element-0105b99 sc_fly_static elementor-widget elementor-widget-spacer\" data-id=\"0105b99\" data-element_type=\"widget\" data-widget_type=\"spacer.default\">\n\t\t\t\t<div class=\"elementor-widget-container\">\n\t\t\t\t\t\t\t<div class=\"elementor-spacer\">\n\t\t\t<div class=\"elementor-spacer-inner\"><\/div>\n\t\t<\/div>\n\t\t\t\t\t\t<\/div>\n\t\t\t\t<\/div>\n\t\t\t\t<div class=\"elementor-element elementor-element-0130ec7 sc_fly_static elementor-widget elementor-widget-spacer\" data-id=\"0130ec7\" data-element_type=\"widget\" data-widget_type=\"spacer.default\">\n\t\t\t\t<div class=\"elementor-widget-container\">\n\t\t\t\t\t\t\t<div class=\"elementor-spacer\">\n\t\t\t<div class=\"elementor-spacer-inner\"><\/div>\n\t\t<\/div>\n\t\t\t\t\t\t<\/div>\n\t\t\t\t<\/div>\n\t\t\t\t\t<\/div>\n\t\t<\/div>\n\t\t\t\t\t<\/div>\n\t\t<\/section>\n\t\t\t\t<\/div>\n\t\t","protected":false},"excerpt":{"rendered":"<p>Antonio Con muchos a\u00f1os de experiencia y conocimientos. Director de la compa\u00f1\u00eda. Un espa\u00f1ol que ha vivido durante largos periodos en Francia, Irlanda, Reino Unido y Estados Unidos. Estudi\u00f3 lenguas&hellip;<\/p>\n","protected":false},"author":1,"featured_media":0,"parent":0,"menu_order":0,"comment_status":"closed","ping_status":"closed","template":"","meta":{"footnotes":""},"class_list":["post-19557","page","type-page","status-publish","hentry"],"yoast_head":"<!-- This site is optimized with the Yoast SEO plugin v27.4 - https:\/\/yoast.com\/product\/yoast-seo-wordpress\/ -->\n<title>Driven by passion - Global Partners<\/title>\n<meta name=\"description\" content=\"Our team is the heart of Global Partners. Driven by passion and professionalism, our team ensures every detail of your event is flawless.\" \/>\n<meta name=\"robots\" content=\"index, follow, max-snippet:-1, max-image-preview:large, max-video-preview:-1\" \/>\n<link rel=\"canonical\" href=\"https:\/\/gpdmc.com\/es\/equipo\/\" \/>\n<meta property=\"og:locale\" content=\"es_ES\" \/>\n<meta property=\"og:type\" content=\"article\" \/>\n<meta property=\"og:title\" content=\"Driven by passion - Global Partners\" \/>\n<meta property=\"og:description\" content=\"Our team is the heart of Global Partners. Driven by passion and professionalism, our team ensures every detail of your event is flawless.\" \/>\n<meta property=\"og:url\" content=\"https:\/\/gpdmc.com\/es\/equipo\/\" \/>\n<meta property=\"og:site_name\" content=\"Global Partners - Meetings and events\" \/>\n<meta property=\"article:modified_time\" content=\"2026-03-25T18:00:18+00:00\" \/>\n<meta property=\"og:image\" content=\"https:\/\/gpdmc.com\/wp-content\/uploads\/2021\/02\/logoGP.png\" \/>\n\t<meta property=\"og:image:width\" content=\"1096\" \/>\n\t<meta property=\"og:image:height\" content=\"436\" \/>\n\t<meta property=\"og:image:type\" content=\"image\/png\" \/>\n<meta name=\"twitter:card\" content=\"summary_large_image\" \/>\n<meta name=\"twitter:site\" content=\"@gpdmcbcn\" \/>\n<meta name=\"twitter:label1\" content=\"Tiempo de lectura\" \/>\n\t<meta name=\"twitter:data1\" content=\"3 minutos\" \/>\n<script type=\"application\/ld+json\" class=\"yoast-schema-graph\">{\"@context\":\"https:\\\/\\\/schema.org\",\"@graph\":[{\"@type\":\"WebPage\",\"@id\":\"https:\\\/\\\/gpdmc.com\\\/es\\\/equipo\\\/\",\"url\":\"https:\\\/\\\/gpdmc.com\\\/es\\\/equipo\\\/\",\"name\":\"Driven by passion - Global Partners\",\"isPartOf\":{\"@id\":\"https:\\\/\\\/gpdmc.com\\\/es\\\/#website\"},\"datePublished\":\"2025-06-17T16:27:02+00:00\",\"dateModified\":\"2026-03-25T18:00:18+00:00\",\"description\":\"Our team is the heart of Global Partners. Driven by passion and professionalism, our team ensures every detail of your event is flawless.\",\"breadcrumb\":{\"@id\":\"https:\\\/\\\/gpdmc.com\\\/es\\\/equipo\\\/#breadcrumb\"},\"inLanguage\":\"es\",\"potentialAction\":[{\"@type\":\"ReadAction\",\"target\":[\"https:\\\/\\\/gpdmc.com\\\/es\\\/equipo\\\/\"]}]},{\"@type\":\"BreadcrumbList\",\"@id\":\"https:\\\/\\\/gpdmc.com\\\/es\\\/equipo\\\/#breadcrumb\",\"itemListElement\":[{\"@type\":\"ListItem\",\"position\":1,\"name\":\"Portada\",\"item\":\"https:\\\/\\\/gpdmc.com\\\/es\\\/\"},{\"@type\":\"ListItem\",\"position\":2,\"name\":\"Equipo\"}]},{\"@type\":\"WebSite\",\"@id\":\"https:\\\/\\\/gpdmc.com\\\/es\\\/#website\",\"url\":\"https:\\\/\\\/gpdmc.com\\\/es\\\/\",\"name\":\"Global Partners - Meetings and events\",\"description\":\"We are experts in Event Planning\",\"publisher\":{\"@id\":\"https:\\\/\\\/gpdmc.com\\\/es\\\/#organization\"},\"alternateName\":\"GPDMC\",\"potentialAction\":[{\"@type\":\"SearchAction\",\"target\":{\"@type\":\"EntryPoint\",\"urlTemplate\":\"https:\\\/\\\/gpdmc.com\\\/es\\\/?s={search_term_string}\"},\"query-input\":{\"@type\":\"PropertyValueSpecification\",\"valueRequired\":true,\"valueName\":\"search_term_string\"}}],\"inLanguage\":\"es\"},{\"@type\":\"Organization\",\"@id\":\"https:\\\/\\\/gpdmc.com\\\/es\\\/#organization\",\"name\":\"Global Partners - Meetings and events\",\"url\":\"https:\\\/\\\/gpdmc.com\\\/es\\\/\",\"logo\":{\"@type\":\"ImageObject\",\"inLanguage\":\"es\",\"@id\":\"https:\\\/\\\/gpdmc.com\\\/es\\\/#\\\/schema\\\/logo\\\/image\\\/\",\"url\":\"https:\\\/\\\/gpdmc.com\\\/wp-content\\\/uploads\\\/2021\\\/02\\\/logoGP.png\",\"contentUrl\":\"https:\\\/\\\/gpdmc.com\\\/wp-content\\\/uploads\\\/2021\\\/02\\\/logoGP.png\",\"width\":1096,\"height\":436,\"caption\":\"Global Partners - Meetings and events\"},\"image\":{\"@id\":\"https:\\\/\\\/gpdmc.com\\\/es\\\/#\\\/schema\\\/logo\\\/image\\\/\"},\"sameAs\":[\"https:\\\/\\\/x.com\\\/gpdmcbcn\",\"https:\\\/\\\/www.instagram.com\\\/gp_dmc\\\/\",\"https:\\\/\\\/www.linkedin.com\\\/company\\\/gp-destination-management\"]}]}<\/script>\n<!-- \/ Yoast SEO plugin. -->","yoast_head_json":{"title":"Driven by passion - Global Partners","description":"Our team is the heart of Global Partners. Driven by passion and professionalism, our team ensures every detail of your event is flawless.","robots":{"index":"index","follow":"follow","max-snippet":"max-snippet:-1","max-image-preview":"max-image-preview:large","max-video-preview":"max-video-preview:-1"},"canonical":"https:\/\/gpdmc.com\/es\/equipo\/","og_locale":"es_ES","og_type":"article","og_title":"Driven by passion - Global Partners","og_description":"Our team is the heart of Global Partners. Driven by passion and professionalism, our team ensures every detail of your event is flawless.","og_url":"https:\/\/gpdmc.com\/es\/equipo\/","og_site_name":"Global Partners - Meetings and events","article_modified_time":"2026-03-25T18:00:18+00:00","og_image":[{"width":1096,"height":436,"url":"https:\/\/gpdmc.com\/wp-content\/uploads\/2021\/02\/logoGP.png","type":"image\/png"}],"twitter_card":"summary_large_image","twitter_site":"@gpdmcbcn","twitter_misc":{"Tiempo de lectura":"3 minutos"},"schema":{"@context":"https:\/\/schema.org","@graph":[{"@type":"WebPage","@id":"https:\/\/gpdmc.com\/es\/equipo\/","url":"https:\/\/gpdmc.com\/es\/equipo\/","name":"Driven by passion - Global Partners","isPartOf":{"@id":"https:\/\/gpdmc.com\/es\/#website"},"datePublished":"2025-06-17T16:27:02+00:00","dateModified":"2026-03-25T18:00:18+00:00","description":"Our team is the heart of Global Partners. Driven by passion and professionalism, our team ensures every detail of your event is flawless.","breadcrumb":{"@id":"https:\/\/gpdmc.com\/es\/equipo\/#breadcrumb"},"inLanguage":"es","potentialAction":[{"@type":"ReadAction","target":["https:\/\/gpdmc.com\/es\/equipo\/"]}]},{"@type":"BreadcrumbList","@id":"https:\/\/gpdmc.com\/es\/equipo\/#breadcrumb","itemListElement":[{"@type":"ListItem","position":1,"name":"Portada","item":"https:\/\/gpdmc.com\/es\/"},{"@type":"ListItem","position":2,"name":"Equipo"}]},{"@type":"WebSite","@id":"https:\/\/gpdmc.com\/es\/#website","url":"https:\/\/gpdmc.com\/es\/","name":"Global Partners - Meetings and events","description":"We are experts in Event Planning","publisher":{"@id":"https:\/\/gpdmc.com\/es\/#organization"},"alternateName":"GPDMC","potentialAction":[{"@type":"SearchAction","target":{"@type":"EntryPoint","urlTemplate":"https:\/\/gpdmc.com\/es\/?s={search_term_string}"},"query-input":{"@type":"PropertyValueSpecification","valueRequired":true,"valueName":"search_term_string"}}],"inLanguage":"es"},{"@type":"Organization","@id":"https:\/\/gpdmc.com\/es\/#organization","name":"Global Partners - Meetings and events","url":"https:\/\/gpdmc.com\/es\/","logo":{"@type":"ImageObject","inLanguage":"es","@id":"https:\/\/gpdmc.com\/es\/#\/schema\/logo\/image\/","url":"https:\/\/gpdmc.com\/wp-content\/uploads\/2021\/02\/logoGP.png","contentUrl":"https:\/\/gpdmc.com\/wp-content\/uploads\/2021\/02\/logoGP.png","width":1096,"height":436,"caption":"Global Partners - Meetings and events"},"image":{"@id":"https:\/\/gpdmc.com\/es\/#\/schema\/logo\/image\/"},"sameAs":["https:\/\/x.com\/gpdmcbcn","https:\/\/www.instagram.com\/gp_dmc\/","https:\/\/www.linkedin.com\/company\/gp-destination-management"]}]}},"_links":{"self":[{"href":"https:\/\/gpdmc.com\/es\/wp-json\/wp\/v2\/pages\/19557","targetHints":{"allow":["GET"]}}],"collection":[{"href":"https:\/\/gpdmc.com\/es\/wp-json\/wp\/v2\/pages"}],"about":[{"href":"https:\/\/gpdmc.com\/es\/wp-json\/wp\/v2\/types\/page"}],"author":[{"embeddable":true,"href":"https:\/\/gpdmc.com\/es\/wp-json\/wp\/v2\/users\/1"}],"replies":[{"embeddable":true,"href":"https:\/\/gpdmc.com\/es\/wp-json\/wp\/v2\/comments?post=19557"}],"version-history":[{"count":23,"href":"https:\/\/gpdmc.com\/es\/wp-json\/wp\/v2\/pages\/19557\/revisions"}],"predecessor-version":[{"id":19996,"href":"https:\/\/gpdmc.com\/es\/wp-json\/wp\/v2\/pages\/19557\/revisions\/19996"}],"wp:attachment":[{"href":"https:\/\/gpdmc.com\/es\/wp-json\/wp\/v2\/media?parent=19557"}],"curies":[{"name":"wp","href":"https:\/\/api.w.org\/{rel}","templated":true}]}}