{"id":19598,"date":"2025-05-13T10:48:18","date_gmt":"2025-05-13T08:48:18","guid":{"rendered":"https:\/\/gpdmc.com\/accessibility-statement\/"},"modified":"2025-11-03T15:10:16","modified_gmt":"2025-11-03T14:10:16","slug":"declaracion-de-accesibilidad","status":"publish","type":"page","link":"https:\/\/gpdmc.com\/es\/declaracion-de-accesibilidad\/","title":{"rendered":"Declaraci\u00f3n de Accesibilidad"},"content":{"rendered":"\t\t<div data-elementor-type=\"wp-page\" data-elementor-id=\"19598\" class=\"elementor elementor-19598\" data-elementor-post-type=\"page\">\n\t\t\t\t\t\t<section class=\"elementor-section elementor-top-section elementor-element elementor-element-a2ec18c elementor-section-boxed elementor-section-height-default elementor-section-height-default sc_fly_static\" data-id=\"a2ec18c\" data-element_type=\"section\" data-settings=\"{&quot;background_background&quot;:&quot;classic&quot;}\">\n\t\t\t\t\t\t<div class=\"elementor-container elementor-column-gap-extended\">\n\t\t\t\t\t<div class=\"elementor-column elementor-col-100 elementor-top-column elementor-element elementor-element-e4f67bc sc_content_align_inherit sc_layouts_column_icons_position_left sc_fly_static\" data-id=\"e4f67bc\" data-element_type=\"column\">\n\t\t\t<div class=\"elementor-widget-wrap elementor-element-populated\">\n\t\t\t\t\t\t<div class=\"elementor-element elementor-element-fc87c00 sc_fly_static elementor-widget elementor-widget-text-editor\" data-id=\"fc87c00\" data-element_type=\"widget\" data-widget_type=\"text-editor.default\">\n\t\t\t\t<div class=\"elementor-widget-container\">\n\t\t\t\t\t\t\t\t\t<p><strong>Global Partners<\/strong> se compromete a que su sitio web sea accesible de conformidad con el Real Decreto 1112\/2018, sobre accesibilidad de los sitios web y aplicaciones para dispositivos m\u00f3viles del sector p\u00fablico.<\/p><p>Esta declaraci\u00f3n de accesibilidad se aplica al sitio web <a href=\"http:\/\/gpdm.endesarrolloweb.com\">gpdm.endesarrolloweb.com<\/a><\/p><p><strong>SITUACI\u00d3N DE CUMPLIMIENTO<\/strong><\/p><p>Este sitio web es parcialmente conforme con el RD 1112\/2018 debido a las no conformidades que se indican a continuaci\u00f3n.<\/p><p><strong>No conformidades con el RD 1112\/2018<\/strong><\/p><p>Las im\u00e1genes pueden carecer de texto explicativo acompa\u00f1ante. Todav\u00eda se puede encontrar anidamiento incorrecto de etiquetas HTML.<\/p><p><strong>Carga desproporcionada<\/strong><\/p><p>No aplica.<\/p><p><strong>El contenido no est\u00e1 dentro del \u00e1mbito de la legislaci\u00f3n aplicable.<\/strong><\/p><p>Puede haber archivos de oficina en formato PDF u otros formatos publicados despu\u00e9s del 13 de julio de 2025, que no cumplan completamente con todos los requisitos de accesibilidad. A la fecha de esta declaraci\u00f3n, no hay tales archivos presentes en el sitio web.<\/p><p><strong>Preparaci\u00f3n de la Pr\u00f3xima Declaraci\u00f3n de Accesibilidad<\/strong><\/p><p>Esta declaraci\u00f3n fue preparada el 13 de julio de 2025.<\/p><p>El m\u00e9todo utilizado para preparar la declaraci\u00f3n fue una autoevaluaci\u00f3n realizada por el equipo de accesibilidad.<\/p><p>\u00daltima revisi\u00f3n de la declaraci\u00f3n: 13 de julio de 2025.<\/p><p><strong>Comentarios e Informaci\u00f3n de Contacto<\/strong><\/p><p>Puede comunicar los requisitos de accesibilidad (Art\u00edculo 10.2.a) del RD 1112\/2018) como:<\/p><ul class=\"wp-block-list\"><li>Informar cualquier posible incumplimiento por parte de este sitio web.<\/li><li>Transmitir otras dificultades de acceso al contenido.<\/li><li>Realizar cualquier otra consulta o sugerencia de mejora relacionada con la accesibilidad del sitio web.<\/li><\/ul><p>A trav\u00e9s de nuestro buz\u00f3n de sugerencias <a href=\"mailto:crishermosilla@gpdmc.com\">crishermosilla@gpdmc.com<\/a><\/p><p>Las comunicaciones ser\u00e1n recibidas y procesadas por el equipo de Accesibilidad.<\/p><p><strong>Contenido Opcional<\/strong><\/p><p>Entre otras medidas, se adopta la implementaci\u00f3n del plugin <strong>One Click Accessibility<\/strong>, que proporciona las siguientes utilidades para facilitar la accesibilidad:<\/p><p><strong>Aumentar texto<\/strong>: Proporcionar una opci\u00f3n para que los usuarios aumenten el tama\u00f1o del texto para una mejor legibilidad.<\/p><p><strong>Disminuir texto<\/strong>: Ofrecer la posibilidad de reducir el tama\u00f1o del texto para usuarios que prefieren un tama\u00f1o m\u00e1s peque\u00f1o.<\/p><p><strong>Escala de grises<\/strong>: Permitir a los usuarios cambiar el esquema de color de su sitio web a escala de grises, lo que puede facilitar la lectura para algunas personas con discapacidades visuales.<\/p><p><strong>Alto contraste<\/strong>: Proporcionar una opci\u00f3n para aumentar el contraste entre el texto y el fondo, mejorando la legibilidad para personas con dificultades visuales.<\/p><p><strong>Contraste negativo<\/strong>: Permitir a los usuarios cambiar los colores de fondo y texto a inversos, es decir, texto claro sobre fondo oscuro, lo que puede ser \u00fatil para personas con sensibilidad a la luz o visi\u00f3n reducida.<\/p><p><strong>Fondo claro<\/strong>: Proporcionar una opci\u00f3n para cambiar el color de fondo a uno claro, que puede ser preferible para algunos usuarios con dificultades visuales.<\/p><p><strong>Subrayar enlaces<\/strong>: Subrayar los enlaces para hacerlos m\u00e1s f\u00e1cilmente distinguibles del texto normal, ayudando a usuarios con discapacidades visuales o dificultades de percepci\u00f3n.<\/p><p><strong>Fuente legible<\/strong>: Usar fuentes claras y legibles, preferiblemente con un tama\u00f1o apropiado, para facilitar la lectura de todo el contenido.<\/p>\t\t\t\t\t\t\t\t<\/div>\n\t\t\t\t<\/div>\n\t\t\t\t\t<\/div>\n\t\t<\/div>\n\t\t\t\t\t<\/div>\n\t\t<\/section>\n\t\t\t\t<section class=\"elementor-section elementor-top-section elementor-element elementor-element-1ce0fbce elementor-section-boxed elementor-section-height-default elementor-section-height-default sc_fly_static\" data-id=\"1ce0fbce\" data-element_type=\"section\">\n\t\t\t\t\t\t<div class=\"elementor-container elementor-column-gap-extended\">\n\t\t\t\t\t<div class=\"elementor-column elementor-col-100 elementor-top-column elementor-element elementor-element-71737124 sc_content_align_inherit sc_layouts_column_icons_position_left sc_fly_static\" data-id=\"71737124\" data-element_type=\"column\">\n\t\t\t<div class=\"elementor-widget-wrap elementor-element-populated\">\n\t\t\t\t\t\t<div class=\"elementor-element elementor-element-653057c1 sc_fly_static elementor-widget elementor-widget-spacer\" data-id=\"653057c1\" data-element_type=\"widget\" data-widget_type=\"spacer.default\">\n\t\t\t\t<div class=\"elementor-widget-container\">\n\t\t\t\t\t\t\t<div class=\"elementor-spacer\">\n\t\t\t<div class=\"elementor-spacer-inner\"><\/div>\n\t\t<\/div>\n\t\t\t\t\t\t<\/div>\n\t\t\t\t<\/div>\n\t\t\t\t\t<\/div>\n\t\t<\/div>\n\t\t\t\t\t<\/div>\n\t\t<\/section>\n\t\t\t\t<\/div>\n\t\t","protected":false},"excerpt":{"rendered":"<p>Global Partners se compromete a que su sitio web sea accesible de conformidad con el Real Decreto 1112\/2018, sobre accesibilidad de los sitios web y aplicaciones para dispositivos m\u00f3viles del&hellip;<\/p>\n","protected":false},"author":1,"featured_media":0,"parent":0,"menu_order":0,"comment_status":"closed","ping_status":"closed","template":"","meta":{"footnotes":""},"class_list":["post-19598","page","type-page","status-publish","hentry"],"yoast_head":"<!-- This site is optimized with the Yoast SEO plugin v27.4 - https:\/\/yoast.com\/product\/yoast-seo-wordpress\/ -->\n<title>Declaraci\u00f3n de Accesibilidad - Global Partners - Meetings and events<\/title>\n<meta name=\"robots\" content=\"index, follow, max-snippet:-1, max-image-preview:large, max-video-preview:-1\" \/>\n<link rel=\"canonical\" href=\"https:\/\/gpdmc.com\/es\/declaracion-de-accesibilidad\/\" \/>\n<meta property=\"og:locale\" content=\"es_ES\" \/>\n<meta property=\"og:type\" content=\"article\" \/>\n<meta property=\"og:title\" content=\"Declaraci\u00f3n de Accesibilidad - Global Partners - Meetings and events\" \/>\n<meta property=\"og:description\" content=\"Global Partners se compromete a que su sitio web sea accesible de conformidad con el Real Decreto 1112\/2018, sobre accesibilidad de los sitios web y aplicaciones para dispositivos m\u00f3viles del&hellip;\" \/>\n<meta property=\"og:url\" content=\"https:\/\/gpdmc.com\/es\/declaracion-de-accesibilidad\/\" \/>\n<meta property=\"og:site_name\" content=\"Global Partners - Meetings and events\" \/>\n<meta property=\"article:modified_time\" content=\"2025-11-03T14:10:16+00:00\" \/>\n<meta property=\"og:image\" content=\"https:\/\/gpdmc.com\/wp-content\/uploads\/2021\/02\/logoGP.png\" \/>\n\t<meta property=\"og:image:width\" content=\"1096\" \/>\n\t<meta property=\"og:image:height\" content=\"436\" \/>\n\t<meta property=\"og:image:type\" content=\"image\/png\" \/>\n<meta name=\"twitter:card\" content=\"summary_large_image\" \/>\n<meta name=\"twitter:site\" content=\"@gpdmcbcn\" \/>\n<meta name=\"twitter:label1\" content=\"Tiempo de lectura\" \/>\n\t<meta name=\"twitter:data1\" content=\"3 minutos\" \/>\n<script type=\"application\/ld+json\" class=\"yoast-schema-graph\">{\"@context\":\"https:\\\/\\\/schema.org\",\"@graph\":[{\"@type\":\"WebPage\",\"@id\":\"https:\\\/\\\/gpdmc.com\\\/es\\\/declaracion-de-accesibilidad\\\/\",\"url\":\"https:\\\/\\\/gpdmc.com\\\/es\\\/declaracion-de-accesibilidad\\\/\",\"name\":\"Declaraci\u00f3n de Accesibilidad - Global Partners - Meetings and events\",\"isPartOf\":{\"@id\":\"https:\\\/\\\/gpdmc.com\\\/es\\\/#website\"},\"datePublished\":\"2025-05-13T08:48:18+00:00\",\"dateModified\":\"2025-11-03T14:10:16+00:00\",\"breadcrumb\":{\"@id\":\"https:\\\/\\\/gpdmc.com\\\/es\\\/declaracion-de-accesibilidad\\\/#breadcrumb\"},\"inLanguage\":\"es\",\"potentialAction\":[{\"@type\":\"ReadAction\",\"target\":[\"https:\\\/\\\/gpdmc.com\\\/es\\\/declaracion-de-accesibilidad\\\/\"]}]},{\"@type\":\"BreadcrumbList\",\"@id\":\"https:\\\/\\\/gpdmc.com\\\/es\\\/declaracion-de-accesibilidad\\\/#breadcrumb\",\"itemListElement\":[{\"@type\":\"ListItem\",\"position\":1,\"name\":\"Portada\",\"item\":\"https:\\\/\\\/gpdmc.com\\\/es\\\/\"},{\"@type\":\"ListItem\",\"position\":2,\"name\":\"Declaraci\u00f3n de Accesibilidad\"}]},{\"@type\":\"WebSite\",\"@id\":\"https:\\\/\\\/gpdmc.com\\\/es\\\/#website\",\"url\":\"https:\\\/\\\/gpdmc.com\\\/es\\\/\",\"name\":\"Global Partners - Meetings and events\",\"description\":\"We are experts in Event Planning\",\"publisher\":{\"@id\":\"https:\\\/\\\/gpdmc.com\\\/es\\\/#organization\"},\"alternateName\":\"GPDMC\",\"potentialAction\":[{\"@type\":\"SearchAction\",\"target\":{\"@type\":\"EntryPoint\",\"urlTemplate\":\"https:\\\/\\\/gpdmc.com\\\/es\\\/?s={search_term_string}\"},\"query-input\":{\"@type\":\"PropertyValueSpecification\",\"valueRequired\":true,\"valueName\":\"search_term_string\"}}],\"inLanguage\":\"es\"},{\"@type\":\"Organization\",\"@id\":\"https:\\\/\\\/gpdmc.com\\\/es\\\/#organization\",\"name\":\"Global Partners - Meetings and events\",\"url\":\"https:\\\/\\\/gpdmc.com\\\/es\\\/\",\"logo\":{\"@type\":\"ImageObject\",\"inLanguage\":\"es\",\"@id\":\"https:\\\/\\\/gpdmc.com\\\/es\\\/#\\\/schema\\\/logo\\\/image\\\/\",\"url\":\"https:\\\/\\\/gpdmc.com\\\/wp-content\\\/uploads\\\/2021\\\/02\\\/logoGP.png\",\"contentUrl\":\"https:\\\/\\\/gpdmc.com\\\/wp-content\\\/uploads\\\/2021\\\/02\\\/logoGP.png\",\"width\":1096,\"height\":436,\"caption\":\"Global Partners - Meetings and events\"},\"image\":{\"@id\":\"https:\\\/\\\/gpdmc.com\\\/es\\\/#\\\/schema\\\/logo\\\/image\\\/\"},\"sameAs\":[\"https:\\\/\\\/x.com\\\/gpdmcbcn\",\"https:\\\/\\\/www.instagram.com\\\/gp_dmc\\\/\",\"https:\\\/\\\/www.linkedin.com\\\/company\\\/gp-destination-management\"]}]}<\/script>\n<!-- \/ Yoast SEO plugin. -->","yoast_head_json":{"title":"Declaraci\u00f3n de Accesibilidad - Global Partners - Meetings and events","robots":{"index":"index","follow":"follow","max-snippet":"max-snippet:-1","max-image-preview":"max-image-preview:large","max-video-preview":"max-video-preview:-1"},"canonical":"https:\/\/gpdmc.com\/es\/declaracion-de-accesibilidad\/","og_locale":"es_ES","og_type":"article","og_title":"Declaraci\u00f3n de Accesibilidad - Global Partners - Meetings and events","og_description":"Global Partners se compromete a que su sitio web sea accesible de conformidad con el Real Decreto 1112\/2018, sobre accesibilidad de los sitios web y aplicaciones para dispositivos m\u00f3viles del&hellip;","og_url":"https:\/\/gpdmc.com\/es\/declaracion-de-accesibilidad\/","og_site_name":"Global Partners - Meetings and events","article_modified_time":"2025-11-03T14:10:16+00:00","og_image":[{"width":1096,"height":436,"url":"https:\/\/gpdmc.com\/wp-content\/uploads\/2021\/02\/logoGP.png","type":"image\/png"}],"twitter_card":"summary_large_image","twitter_site":"@gpdmcbcn","twitter_misc":{"Tiempo de lectura":"3 minutos"},"schema":{"@context":"https:\/\/schema.org","@graph":[{"@type":"WebPage","@id":"https:\/\/gpdmc.com\/es\/declaracion-de-accesibilidad\/","url":"https:\/\/gpdmc.com\/es\/declaracion-de-accesibilidad\/","name":"Declaraci\u00f3n de Accesibilidad - Global Partners - Meetings and events","isPartOf":{"@id":"https:\/\/gpdmc.com\/es\/#website"},"datePublished":"2025-05-13T08:48:18+00:00","dateModified":"2025-11-03T14:10:16+00:00","breadcrumb":{"@id":"https:\/\/gpdmc.com\/es\/declaracion-de-accesibilidad\/#breadcrumb"},"inLanguage":"es","potentialAction":[{"@type":"ReadAction","target":["https:\/\/gpdmc.com\/es\/declaracion-de-accesibilidad\/"]}]},{"@type":"BreadcrumbList","@id":"https:\/\/gpdmc.com\/es\/declaracion-de-accesibilidad\/#breadcrumb","itemListElement":[{"@type":"ListItem","position":1,"name":"Portada","item":"https:\/\/gpdmc.com\/es\/"},{"@type":"ListItem","position":2,"name":"Declaraci\u00f3n de Accesibilidad"}]},{"@type":"WebSite","@id":"https:\/\/gpdmc.com\/es\/#website","url":"https:\/\/gpdmc.com\/es\/","name":"Global Partners - Meetings and events","description":"We are experts in Event Planning","publisher":{"@id":"https:\/\/gpdmc.com\/es\/#organization"},"alternateName":"GPDMC","potentialAction":[{"@type":"SearchAction","target":{"@type":"EntryPoint","urlTemplate":"https:\/\/gpdmc.com\/es\/?s={search_term_string}"},"query-input":{"@type":"PropertyValueSpecification","valueRequired":true,"valueName":"search_term_string"}}],"inLanguage":"es"},{"@type":"Organization","@id":"https:\/\/gpdmc.com\/es\/#organization","name":"Global Partners - Meetings and events","url":"https:\/\/gpdmc.com\/es\/","logo":{"@type":"ImageObject","inLanguage":"es","@id":"https:\/\/gpdmc.com\/es\/#\/schema\/logo\/image\/","url":"https:\/\/gpdmc.com\/wp-content\/uploads\/2021\/02\/logoGP.png","contentUrl":"https:\/\/gpdmc.com\/wp-content\/uploads\/2021\/02\/logoGP.png","width":1096,"height":436,"caption":"Global Partners - Meetings and events"},"image":{"@id":"https:\/\/gpdmc.com\/es\/#\/schema\/logo\/image\/"},"sameAs":["https:\/\/x.com\/gpdmcbcn","https:\/\/www.instagram.com\/gp_dmc\/","https:\/\/www.linkedin.com\/company\/gp-destination-management"]}]}},"_links":{"self":[{"href":"https:\/\/gpdmc.com\/es\/wp-json\/wp\/v2\/pages\/19598","targetHints":{"allow":["GET"]}}],"collection":[{"href":"https:\/\/gpdmc.com\/es\/wp-json\/wp\/v2\/pages"}],"about":[{"href":"https:\/\/gpdmc.com\/es\/wp-json\/wp\/v2\/types\/page"}],"author":[{"embeddable":true,"href":"https:\/\/gpdmc.com\/es\/wp-json\/wp\/v2\/users\/1"}],"replies":[{"embeddable":true,"href":"https:\/\/gpdmc.com\/es\/wp-json\/wp\/v2\/comments?post=19598"}],"version-history":[{"count":4,"href":"https:\/\/gpdmc.com\/es\/wp-json\/wp\/v2\/pages\/19598\/revisions"}],"predecessor-version":[{"id":19693,"href":"https:\/\/gpdmc.com\/es\/wp-json\/wp\/v2\/pages\/19598\/revisions\/19693"}],"wp:attachment":[{"href":"https:\/\/gpdmc.com\/es\/wp-json\/wp\/v2\/media?parent=19598"}],"curies":[{"name":"wp","href":"https:\/\/api.w.org\/{rel}","templated":true}]}}