{"id":19599,"date":"2025-08-01T11:17:59","date_gmt":"2025-08-01T09:17:59","guid":{"rendered":"https:\/\/gpdmc.com\/cookies-policy\/"},"modified":"2025-11-03T15:15:42","modified_gmt":"2025-11-03T14:15:42","slug":"politica-de-cookies","status":"publish","type":"page","link":"https:\/\/gpdmc.com\/es\/politica-de-cookies\/","title":{"rendered":"Pol\u00edtica de Cookies"},"content":{"rendered":"\t\t<div data-elementor-type=\"wp-page\" data-elementor-id=\"19599\" class=\"elementor elementor-19599\" data-elementor-post-type=\"page\">\n\t\t\t\t\t\t<section class=\"elementor-section elementor-top-section elementor-element elementor-element-a2ec18c elementor-section-boxed elementor-section-height-default elementor-section-height-default sc_fly_static\" data-id=\"a2ec18c\" data-element_type=\"section\" data-settings=\"{&quot;background_background&quot;:&quot;classic&quot;}\">\n\t\t\t\t\t\t<div class=\"elementor-container elementor-column-gap-extended\">\n\t\t\t\t\t<div class=\"elementor-column elementor-col-100 elementor-top-column elementor-element elementor-element-e4f67bc sc_content_align_inherit sc_layouts_column_icons_position_left sc_fly_static\" data-id=\"e4f67bc\" data-element_type=\"column\">\n\t\t\t<div class=\"elementor-widget-wrap elementor-element-populated\">\n\t\t\t\t\t\t<div class=\"elementor-element elementor-element-fc87c00 sc_fly_static elementor-widget elementor-widget-text-editor\" data-id=\"fc87c00\" data-element_type=\"widget\" data-widget_type=\"text-editor.default\">\n\t\t\t\t<div class=\"elementor-widget-container\">\n\t\t\t\t\t\t\t\t\t<p>Esta p\u00e1gina web utiliza Cookies. Las Cookies son archivos enviados a un navegador a trav\u00e9s de un servidor web para registrar las actividades del Usuario en un sitio web espec\u00edfico. El prop\u00f3sito principal de las Cookies es proporcionar al usuario un acceso m\u00e1s r\u00e1pido a los servicios seleccionados. Adem\u00e1s, las Cookies personalizan los servicios ofrecidos por el sitio web, facilitando a cada usuario el acceso a informaci\u00f3n que es de su inter\u00e9s o puede ser de su inter\u00e9s, bas\u00e1ndose en su uso de los servicios.<\/p><p>El sitio web de Global Partners utiliza Cookies para personalizar y facilitar la navegaci\u00f3n del usuario al m\u00e1ximo. Las Cookies est\u00e1n asociadas \u00fanicamente con un usuario an\u00f3nimo y su ordenador, sin proporcionar referencias que permitan deducir los datos personales del usuario. Los usuarios pueden configurar su navegador para notificar y rechazar la instalaci\u00f3n de Cookies enviadas por el sitio web de Global Partners, sin afectar la capacidad del usuario para acceder al contenido del sitio web. Sin embargo, tenga en cuenta que, en cualquier caso, la calidad del funcionamiento del sitio web puede disminuir.<\/p><p>Los usuarios registrados, aquellos que se registran o aquellos que han iniciado sesi\u00f3n, pueden beneficiarse de servicios m\u00e1s personalizados y adaptados a su perfil, gracias a la combinaci\u00f3n de datos almacenados en cookies con los datos personales utilizados en el momento del registro. Dichos usuarios autorizan expresamente el uso de esta informaci\u00f3n para el prop\u00f3sito indicado, sin perjuicio de su derecho a rechazar o desactivar el uso de cookies.<\/p><p>Tipos, Prop\u00f3sito y Funcionamiento de las Cookies<\/p><p>Las Cookies, seg\u00fan su duraci\u00f3n, pueden dividirse en \u00abCookies de Sesi\u00f3n\u00bb o \u00abCookies Persistentes\u00bb. Las primeras expiran cuando el usuario cierra el navegador. Las segundas expiran cuando cumplen su prop\u00f3sito (por ejemplo, mantener al usuario identificado en los Servicios) o cuando se eliminan manualmente.<\/p><p>Adem\u00e1s, seg\u00fan su prop\u00f3sito, las Cookies pueden clasificarse de la siguiente manera:<\/p><p><strong>Cookies de Rendimiento:<\/strong> Este tipo de cookie recuerda sus preferencias para las herramientas que se encuentran en los servicios, por lo que no tiene que reconfigurar el servicio cada vez que lo visita. Por ejemplo, esta tipolog\u00eda incluye:<\/p><ul class=\"wp-block-list\"><li>Ajustes de volumen para reproductores de video o sonido.<\/li><li>Velocidades de transmisi\u00f3n de video compatibles con su navegador.<\/li><\/ul><div>\u00a0<\/div><p><strong>Cookies de Geolocalizaci\u00f3n:<\/strong> Estas cookies se utilizan para determinar en qu\u00e9 pa\u00eds se encuentra cuando se solicita un servicio. Esta cookie es completamente an\u00f3nima y solo se utiliza para ayudar a adaptar el contenido a su ubicaci\u00f3n.<\/p><p><strong>Cookies de Inicio de Sesi\u00f3n:<\/strong> Las cookies de inicio de sesi\u00f3n se generan una vez que el usuario se ha registrado o posteriormente ha iniciado sesi\u00f3n, y se utilizan para identificar al usuario en los servicios con los siguientes prop\u00f3sitos:<\/p><ul class=\"wp-block-list\"><li>Mantener al usuario identificado de modo que si cierra un servicio, el navegador o el ordenador y m\u00e1s tarde vuelve a entrar en el servicio otro d\u00eda, seguir\u00e1 estando identificado, facilitando la navegaci\u00f3n sin tener que volver a iniciar sesi\u00f3n. Esta funcionalidad puede suprimirse si el usuario hace clic en la funci\u00f3n \u00abcerrar sesi\u00f3n\u00bb, por lo que esta cookie se elimina y la pr\u00f3xima vez que el usuario entre en el servicio, tendr\u00e1 que iniciar sesi\u00f3n para ser identificado.<\/li><li>Comprobar si el usuario est\u00e1 autorizado para acceder a ciertos servicios, por ejemplo, para participar en un concurso.<\/li><\/ul><div>\u00a0<\/div><p><strong>Cookies Anal\u00edticas:<\/strong> Cada vez que un usuario visita un servicio, una herramienta de un proveedor externo (Google Analytics, Comscore y similares, que pueden a\u00f1adirse a esta lista si var\u00edan de los actuales) genera una cookie anal\u00edtica en el ordenador del usuario. Esta cookie, que solo se genera durante la visita, servir\u00e1 en futuras visitas a los Servicios Web para identificar de forma an\u00f3nima al visitante. Los principales objetivos que se persiguen son:<\/p><ul class=\"wp-block-list\"><li>Permitir la identificaci\u00f3n an\u00f3nima de los usuarios navegantes a trav\u00e9s de la \u00abCookie\u00bb (identifica navegadores y dispositivos, no personas) y por lo tanto la contabilizaci\u00f3n aproximada del n\u00famero de visitantes y su tendencia en el tiempo.<\/li><li>Identificar de forma an\u00f3nima los contenidos m\u00e1s visitados y por lo tanto m\u00e1s atractivos para los usuarios.<\/li><li>Saber si el usuario que est\u00e1 accediendo es nuevo o es un visitante recurrente. Importante: A menos que el usuario decida registrarse en un servicio Web, la \u00abCookie\u00bb nunca estar\u00e1 asociada con ninguna informaci\u00f3n de identificaci\u00f3n personal. Dichas cookies solo se utilizar\u00e1n con fines estad\u00edsticos para ayudar a optimizar la experiencia del Usuario en el sitio.<\/li><\/ul><div>\u00a0<\/div><p>Desactivaci\u00f3n de Cookies<\/p><p>Puede permitir, <strong>bloquear o eliminar las cookies<\/strong> instaladas en su ordenador configurando las opciones del navegador instalado en su ordenador.<\/p><p>La mayor\u00eda de los navegadores web ofrecen la posibilidad de permitir, bloquear o eliminar las cookies instaladas en su ordenador.<\/p><p>A continuaci\u00f3n, puede acceder a la configuraci\u00f3n de los navegadores web m\u00e1s comunes para aceptar, instalar o desactivar las cookies:<\/p><p><a href=\"https:\/\/support.google.com\/accounts\/answer\/61416?hl=es&amp;co=GENIE.Platform%3DDesktop\">Configurar cookies en Google Chrome<\/a><\/p><p><a href=\"https:\/\/support.microsoft.com\/es-es\/windows\/eliminar-y-administrar-cookies-168dab11-0753-043d-7c16-ede5947fc64d\">Configurar cookies en Microsoft Internet Explorer<\/a><\/p><p><a href=\"https:\/\/support.mozilla.org\/es\/questions\/1287973\">Configurar cookies en Mozilla Firefox<\/a><\/p><p><a href=\"https:\/\/support.apple.com\/es-mx\/guide\/safari\/ibrw850f6c51\/mac\">Configurar cookies en Safari (Apple)<\/a><\/p><p><strong>Advertencia sobre la Eliminaci\u00f3n de Cookies<\/strong><\/p><p>Puede eliminar y bloquear todas las cookies de este sitio, pero partes del sitio pueden no funcionar o la calidad de la p\u00e1gina web puede verse afectada.<\/p><p>Si tiene alguna duda sobre la pol\u00edtica de cookies, puede contactar con este sitio web a trav\u00e9s de los canales de <a href=\"https:\/\/botaniajewelry.com\/contact\/\"><strong>CONTACTO<\/strong><\/a>.<\/p>\t\t\t\t\t\t\t\t<\/div>\n\t\t\t\t<\/div>\n\t\t\t\t\t<\/div>\n\t\t<\/div>\n\t\t\t\t\t<\/div>\n\t\t<\/section>\n\t\t\t\t<section class=\"elementor-section elementor-top-section elementor-element elementor-element-1ce0fbce elementor-section-boxed elementor-section-height-default elementor-section-height-default sc_fly_static\" data-id=\"1ce0fbce\" data-element_type=\"section\">\n\t\t\t\t\t\t<div class=\"elementor-container elementor-column-gap-extended\">\n\t\t\t\t\t<div class=\"elementor-column elementor-col-100 elementor-top-column elementor-element elementor-element-71737124 sc_content_align_inherit sc_layouts_column_icons_position_left sc_fly_static\" data-id=\"71737124\" data-element_type=\"column\">\n\t\t\t<div class=\"elementor-widget-wrap elementor-element-populated\">\n\t\t\t\t\t\t<div class=\"elementor-element elementor-element-653057c1 sc_fly_static elementor-widget elementor-widget-spacer\" data-id=\"653057c1\" data-element_type=\"widget\" data-widget_type=\"spacer.default\">\n\t\t\t\t<div class=\"elementor-widget-container\">\n\t\t\t\t\t\t\t<div class=\"elementor-spacer\">\n\t\t\t<div class=\"elementor-spacer-inner\"><\/div>\n\t\t<\/div>\n\t\t\t\t\t\t<\/div>\n\t\t\t\t<\/div>\n\t\t\t\t\t<\/div>\n\t\t<\/div>\n\t\t\t\t\t<\/div>\n\t\t<\/section>\n\t\t\t\t<\/div>\n\t\t","protected":false},"excerpt":{"rendered":"<p>Esta p\u00e1gina web utiliza Cookies. Las Cookies son archivos enviados a un navegador a trav\u00e9s de un servidor web para registrar las actividades del Usuario en un sitio web espec\u00edfico.&hellip;<\/p>\n","protected":false},"author":1,"featured_media":0,"parent":0,"menu_order":0,"comment_status":"closed","ping_status":"closed","template":"","meta":{"footnotes":""},"class_list":["post-19599","page","type-page","status-publish","hentry"],"yoast_head":"<!-- This site is optimized with the Yoast SEO plugin v27.4 - https:\/\/yoast.com\/product\/yoast-seo-wordpress\/ -->\n<title>Pol\u00edtica de Cookies - Global Partners - Meetings and events<\/title>\n<meta name=\"robots\" content=\"index, follow, max-snippet:-1, max-image-preview:large, max-video-preview:-1\" \/>\n<link rel=\"canonical\" href=\"https:\/\/gpdmc.com\/es\/politica-de-cookies\/\" \/>\n<meta property=\"og:locale\" content=\"es_ES\" \/>\n<meta property=\"og:type\" content=\"article\" \/>\n<meta property=\"og:title\" content=\"Pol\u00edtica de Cookies - Global Partners - Meetings and events\" \/>\n<meta property=\"og:description\" content=\"Esta p\u00e1gina web utiliza Cookies. Las Cookies son archivos enviados a un navegador a trav\u00e9s de un servidor web para registrar las actividades del Usuario en un sitio web espec\u00edfico.&hellip;\" \/>\n<meta property=\"og:url\" content=\"https:\/\/gpdmc.com\/es\/politica-de-cookies\/\" \/>\n<meta property=\"og:site_name\" content=\"Global Partners - Meetings and events\" \/>\n<meta property=\"article:modified_time\" content=\"2025-11-03T14:15:42+00:00\" \/>\n<meta property=\"og:image\" content=\"https:\/\/gpdmc.com\/wp-content\/uploads\/2021\/02\/logoGP.png\" \/>\n\t<meta property=\"og:image:width\" content=\"1096\" \/>\n\t<meta property=\"og:image:height\" content=\"436\" \/>\n\t<meta property=\"og:image:type\" content=\"image\/png\" \/>\n<meta name=\"twitter:card\" content=\"summary_large_image\" \/>\n<meta name=\"twitter:site\" content=\"@gpdmcbcn\" \/>\n<meta name=\"twitter:label1\" content=\"Tiempo de lectura\" \/>\n\t<meta name=\"twitter:data1\" content=\"4 minutos\" \/>\n<script type=\"application\/ld+json\" class=\"yoast-schema-graph\">{\"@context\":\"https:\\\/\\\/schema.org\",\"@graph\":[{\"@type\":\"WebPage\",\"@id\":\"https:\\\/\\\/gpdmc.com\\\/es\\\/politica-de-cookies\\\/\",\"url\":\"https:\\\/\\\/gpdmc.com\\\/es\\\/politica-de-cookies\\\/\",\"name\":\"Pol\u00edtica de Cookies - Global Partners - Meetings and events\",\"isPartOf\":{\"@id\":\"https:\\\/\\\/gpdmc.com\\\/es\\\/#website\"},\"datePublished\":\"2025-08-01T09:17:59+00:00\",\"dateModified\":\"2025-11-03T14:15:42+00:00\",\"breadcrumb\":{\"@id\":\"https:\\\/\\\/gpdmc.com\\\/es\\\/politica-de-cookies\\\/#breadcrumb\"},\"inLanguage\":\"es\",\"potentialAction\":[{\"@type\":\"ReadAction\",\"target\":[\"https:\\\/\\\/gpdmc.com\\\/es\\\/politica-de-cookies\\\/\"]}]},{\"@type\":\"BreadcrumbList\",\"@id\":\"https:\\\/\\\/gpdmc.com\\\/es\\\/politica-de-cookies\\\/#breadcrumb\",\"itemListElement\":[{\"@type\":\"ListItem\",\"position\":1,\"name\":\"Portada\",\"item\":\"https:\\\/\\\/gpdmc.com\\\/es\\\/\"},{\"@type\":\"ListItem\",\"position\":2,\"name\":\"Pol\u00edtica de Cookies\"}]},{\"@type\":\"WebSite\",\"@id\":\"https:\\\/\\\/gpdmc.com\\\/es\\\/#website\",\"url\":\"https:\\\/\\\/gpdmc.com\\\/es\\\/\",\"name\":\"Global Partners - Meetings and events\",\"description\":\"We are experts in Event Planning\",\"publisher\":{\"@id\":\"https:\\\/\\\/gpdmc.com\\\/es\\\/#organization\"},\"alternateName\":\"GPDMC\",\"potentialAction\":[{\"@type\":\"SearchAction\",\"target\":{\"@type\":\"EntryPoint\",\"urlTemplate\":\"https:\\\/\\\/gpdmc.com\\\/es\\\/?s={search_term_string}\"},\"query-input\":{\"@type\":\"PropertyValueSpecification\",\"valueRequired\":true,\"valueName\":\"search_term_string\"}}],\"inLanguage\":\"es\"},{\"@type\":\"Organization\",\"@id\":\"https:\\\/\\\/gpdmc.com\\\/es\\\/#organization\",\"name\":\"Global Partners - Meetings and events\",\"url\":\"https:\\\/\\\/gpdmc.com\\\/es\\\/\",\"logo\":{\"@type\":\"ImageObject\",\"inLanguage\":\"es\",\"@id\":\"https:\\\/\\\/gpdmc.com\\\/es\\\/#\\\/schema\\\/logo\\\/image\\\/\",\"url\":\"https:\\\/\\\/gpdmc.com\\\/wp-content\\\/uploads\\\/2021\\\/02\\\/logoGP.png\",\"contentUrl\":\"https:\\\/\\\/gpdmc.com\\\/wp-content\\\/uploads\\\/2021\\\/02\\\/logoGP.png\",\"width\":1096,\"height\":436,\"caption\":\"Global Partners - Meetings and events\"},\"image\":{\"@id\":\"https:\\\/\\\/gpdmc.com\\\/es\\\/#\\\/schema\\\/logo\\\/image\\\/\"},\"sameAs\":[\"https:\\\/\\\/x.com\\\/gpdmcbcn\",\"https:\\\/\\\/www.instagram.com\\\/gp_dmc\\\/\",\"https:\\\/\\\/www.linkedin.com\\\/company\\\/gp-destination-management\"]}]}<\/script>\n<!-- \/ Yoast SEO plugin. -->","yoast_head_json":{"title":"Pol\u00edtica de Cookies - Global Partners - Meetings and events","robots":{"index":"index","follow":"follow","max-snippet":"max-snippet:-1","max-image-preview":"max-image-preview:large","max-video-preview":"max-video-preview:-1"},"canonical":"https:\/\/gpdmc.com\/es\/politica-de-cookies\/","og_locale":"es_ES","og_type":"article","og_title":"Pol\u00edtica de Cookies - Global Partners - Meetings and events","og_description":"Esta p\u00e1gina web utiliza Cookies. Las Cookies son archivos enviados a un navegador a trav\u00e9s de un servidor web para registrar las actividades del Usuario en un sitio web espec\u00edfico.&hellip;","og_url":"https:\/\/gpdmc.com\/es\/politica-de-cookies\/","og_site_name":"Global Partners - Meetings and events","article_modified_time":"2025-11-03T14:15:42+00:00","og_image":[{"width":1096,"height":436,"url":"https:\/\/gpdmc.com\/wp-content\/uploads\/2021\/02\/logoGP.png","type":"image\/png"}],"twitter_card":"summary_large_image","twitter_site":"@gpdmcbcn","twitter_misc":{"Tiempo de lectura":"4 minutos"},"schema":{"@context":"https:\/\/schema.org","@graph":[{"@type":"WebPage","@id":"https:\/\/gpdmc.com\/es\/politica-de-cookies\/","url":"https:\/\/gpdmc.com\/es\/politica-de-cookies\/","name":"Pol\u00edtica de Cookies - Global Partners - Meetings and events","isPartOf":{"@id":"https:\/\/gpdmc.com\/es\/#website"},"datePublished":"2025-08-01T09:17:59+00:00","dateModified":"2025-11-03T14:15:42+00:00","breadcrumb":{"@id":"https:\/\/gpdmc.com\/es\/politica-de-cookies\/#breadcrumb"},"inLanguage":"es","potentialAction":[{"@type":"ReadAction","target":["https:\/\/gpdmc.com\/es\/politica-de-cookies\/"]}]},{"@type":"BreadcrumbList","@id":"https:\/\/gpdmc.com\/es\/politica-de-cookies\/#breadcrumb","itemListElement":[{"@type":"ListItem","position":1,"name":"Portada","item":"https:\/\/gpdmc.com\/es\/"},{"@type":"ListItem","position":2,"name":"Pol\u00edtica de Cookies"}]},{"@type":"WebSite","@id":"https:\/\/gpdmc.com\/es\/#website","url":"https:\/\/gpdmc.com\/es\/","name":"Global Partners - Meetings and events","description":"We are experts in Event Planning","publisher":{"@id":"https:\/\/gpdmc.com\/es\/#organization"},"alternateName":"GPDMC","potentialAction":[{"@type":"SearchAction","target":{"@type":"EntryPoint","urlTemplate":"https:\/\/gpdmc.com\/es\/?s={search_term_string}"},"query-input":{"@type":"PropertyValueSpecification","valueRequired":true,"valueName":"search_term_string"}}],"inLanguage":"es"},{"@type":"Organization","@id":"https:\/\/gpdmc.com\/es\/#organization","name":"Global Partners - Meetings and events","url":"https:\/\/gpdmc.com\/es\/","logo":{"@type":"ImageObject","inLanguage":"es","@id":"https:\/\/gpdmc.com\/es\/#\/schema\/logo\/image\/","url":"https:\/\/gpdmc.com\/wp-content\/uploads\/2021\/02\/logoGP.png","contentUrl":"https:\/\/gpdmc.com\/wp-content\/uploads\/2021\/02\/logoGP.png","width":1096,"height":436,"caption":"Global Partners - Meetings and events"},"image":{"@id":"https:\/\/gpdmc.com\/es\/#\/schema\/logo\/image\/"},"sameAs":["https:\/\/x.com\/gpdmcbcn","https:\/\/www.instagram.com\/gp_dmc\/","https:\/\/www.linkedin.com\/company\/gp-destination-management"]}]}},"_links":{"self":[{"href":"https:\/\/gpdmc.com\/es\/wp-json\/wp\/v2\/pages\/19599","targetHints":{"allow":["GET"]}}],"collection":[{"href":"https:\/\/gpdmc.com\/es\/wp-json\/wp\/v2\/pages"}],"about":[{"href":"https:\/\/gpdmc.com\/es\/wp-json\/wp\/v2\/types\/page"}],"author":[{"embeddable":true,"href":"https:\/\/gpdmc.com\/es\/wp-json\/wp\/v2\/users\/1"}],"replies":[{"embeddable":true,"href":"https:\/\/gpdmc.com\/es\/wp-json\/wp\/v2\/comments?post=19599"}],"version-history":[{"count":4,"href":"https:\/\/gpdmc.com\/es\/wp-json\/wp\/v2\/pages\/19599\/revisions"}],"predecessor-version":[{"id":19694,"href":"https:\/\/gpdmc.com\/es\/wp-json\/wp\/v2\/pages\/19599\/revisions\/19694"}],"wp:attachment":[{"href":"https:\/\/gpdmc.com\/es\/wp-json\/wp\/v2\/media?parent=19599"}],"curies":[{"name":"wp","href":"https:\/\/api.w.org\/{rel}","templated":true}]}}