{"id":19600,"date":"2025-05-13T10:17:35","date_gmt":"2025-05-13T08:17:35","guid":{"rendered":"https:\/\/gpdmc.com\/privacy-policy\/"},"modified":"2025-11-03T15:20:04","modified_gmt":"2025-11-03T14:20:04","slug":"privacy-policy","status":"publish","type":"page","link":"https:\/\/gpdmc.com\/es\/privacy-policy\/","title":{"rendered":"Pol\u00edtica de Privacidad"},"content":{"rendered":"\t\t<div data-elementor-type=\"wp-page\" data-elementor-id=\"19600\" class=\"elementor elementor-19600\" data-elementor-post-type=\"page\">\n\t\t\t\t\t\t<section class=\"elementor-section elementor-top-section elementor-element elementor-element-a2ec18c elementor-section-boxed elementor-section-height-default elementor-section-height-default sc_fly_static\" data-id=\"a2ec18c\" data-element_type=\"section\" data-settings=\"{&quot;background_background&quot;:&quot;classic&quot;}\">\n\t\t\t\t\t\t<div class=\"elementor-container elementor-column-gap-extended\">\n\t\t\t\t\t<div class=\"elementor-column elementor-col-100 elementor-top-column elementor-element elementor-element-e4f67bc sc_content_align_inherit sc_layouts_column_icons_position_left sc_fly_static\" data-id=\"e4f67bc\" data-element_type=\"column\">\n\t\t\t<div class=\"elementor-widget-wrap elementor-element-populated\">\n\t\t\t\t\t\t<div class=\"elementor-element elementor-element-fc87c00 sc_fly_static elementor-widget elementor-widget-text-editor\" data-id=\"fc87c00\" data-element_type=\"widget\" data-widget_type=\"text-editor.default\">\n\t\t\t\t<div class=\"elementor-widget-container\">\n\t\t\t\t\t\t\t\t\t<p><strong>Introducci\u00f3n.<\/strong><\/p><p>GP Destination Management SL, en adelante Global Partners, recopila, trata y almacena informaci\u00f3n personal a trav\u00e9s de su sitio web: gpdmc.com<\/p><p>Esta informaci\u00f3n ser\u00e1 relativa a los usuarios de la web. De conformidad con el Reglamento (UE) 2016\/679 del Parlamento Europeo y del Consejo de 27 de abril de 2016 (RGPD) sobre la protecci\u00f3n de datos personales, le informamos que los datos que nos ha proporcionado ser\u00e1n incorporados, con absoluta confidencialidad, en un fichero informatizado de Global Partners, y la finalidad es la gesti\u00f3n y custodia de los datos de nuestros clientes y el historial de sus eventos, as\u00ed como el trabajo administrativo derivado de nuestra asistencia.<\/p><p>Global Partners ha asumido todas las medidas de seguridad establecidas en la legislaci\u00f3n vigente sobre protecci\u00f3n de datos personales. La informaci\u00f3n ser\u00e1 recopilada, procesada y almacenada de acuerdo con esta Pol\u00edtica de Privacidad.<\/p><p><strong>RESPONSABLE LEGAL.<\/strong><\/p><p>Nombre comercial: Global Partners<\/p><p>Raz\u00f3n social: GP Destination Management SL<\/p><p>Identificador fiscal: ES B65000937<\/p><p>Direcci\u00f3n: C\/ Paris, 46-48, 08029 Barcelona, ESPA\u00d1A<\/p><p>Correo electr\u00f3nico de contacto: <a href=\"mailto:crishermosilla@gpdmc.com\">crishermosilla@gpdmc.com<\/a><\/p><p><strong>LEYES DE APLICACI\u00d3N EN ESTA WEB.<\/strong><\/p><ul><li>RGPD (Reglamento (UE) 2016\/679 del Parlamento Europeo y del Consejo de 27 de abril de 2016 sobre la protecci\u00f3n de las personas f\u00edsicas)<\/li><li>LOPD (Ley Org\u00e1nica 15\/1999, de 13 de diciembre, de Protecci\u00f3n de Datos de Car\u00e1cter Personal y Real Decreto 1720\/2007, de 21 de diciembre, Reglamento de Desarrollo de la LOPD)<\/li><\/ul><p><strong>DATOS RECOPILADOS.<\/strong><\/p><p>Solo se recopilar\u00e1n los datos estrictamente necesarios para llevar a cabo la actividad normal del servicio. En cualquier caso, estos datos ser\u00e1n de car\u00e1cter personal identificativo y no sensible, tales como:<\/p><p>-Correo electr\u00f3nico<\/p><p>-Tel\u00e9fono<\/p><p>-Nombre y apellidos<\/p><p>-Direcci\u00f3n<\/p><p><strong>M\u00c9TODOS DE RECOPILACI\u00d3N.<\/strong><\/p><p>Los datos personales se recopilar\u00e1n a trav\u00e9s del sitio web de Global Partners, gpdmc.com, cuando introduzca informaci\u00f3n en cualquiera de los campos designados para este prop\u00f3sito en la web. Estos campos est\u00e1n debidamente se\u00f1alizados y no recopilar\u00e1n ning\u00fan dato hasta que se acepte expresamente de acuerdo con esta pol\u00edtica de privacidad.<\/p><p><strong>OBJETIVO DE LA RECOPILACI\u00d3N Y USO DE DATOS.<\/strong><\/p><p>La recopilaci\u00f3n y uso de datos se realiza con el \u00fanico prop\u00f3sito de comunicar a nuestros clientes informaci\u00f3n relevante o enviar una propuesta a las solicitudes realizadas.<\/p><p>Global Partners se compromete a no utilizar los datos obtenidos para un prop\u00f3sito distinto a este.<\/p><p><strong>DESTINATARIO DE LOS DATOS.<\/strong><\/p><p>Los datos recopilados ser\u00e1n incorporados a un fichero propiedad y gestionado por Global Partners<\/p><p><strong>PLAZO DE CONSERVACI\u00d3N DE DATOS.<\/strong><\/p><p>Los datos se conservar\u00e1n hasta que finalice el objetivo por el cual se recopilaron estos datos o hasta que se ejerza el derecho a suprimirlos o modificarlos. En cualquier momento puede ejercer sus derechos de acceso, rectificaci\u00f3n, limitaci\u00f3n del tratamiento y, en su caso, oposici\u00f3n escribiendo a <a href=\"mailto:crishermosilla@gpdmc.com\">crishermosilla@gpdmc.com<\/a><\/p><p><strong>\u00bfC\u00d3MO PROTEGEMOS SUS DATOS?<\/strong><\/p><p>Sus datos se transfieren y almacenan de forma segura con protocolos de seguridad para prevenir el acceso no autorizado. Garantizamos tomar las medidas apropiadas para proteger sus datos. Adem\u00e1s, Global Partners se compromete a mantener la confidencialidad de los datos y no los comunicar\u00e1 ni permitir\u00e1 el acceso a terceros no autorizados.<\/p><p><strong>SUS DERECHOS RESPECTO A LA PROTECCI\u00d3N DE DATOS.<\/strong><\/p><p>La legislaci\u00f3n le reconoce como usuario que ha proporcionado sus datos personales:<\/p><ul><li>Acceso a los datos personales.<\/li><li>Rectificaci\u00f3n o supresi\u00f3n.<\/li><li>Oponerse al tratamiento.<\/li><li>Portabilidad de los datos.<\/li><li>Limitaci\u00f3n de su tratamiento.<\/li><\/ul><p>El ejercicio de estos derechos es personal, por lo que solo puede solicitarlos para los datos de los que usted es titular.<\/p><p>En caso de que desee ejercer alguno de estos derechos puede hacerlo enviando un correo electr\u00f3nico a <a href=\"mailto:crishermosilla@gpdmc.com\">crishermosilla@gpdmc.com<\/a> indicando los derechos que desea ejercer y prueba de identidad.<\/p><p>Prometemos responder a su solicitud en un plazo m\u00e1ximo de 10 d\u00edas h\u00e1biles.<\/p><p><strong>LEGITIMACI\u00d3N PARA EL TRATAMIENTO DE DATOS.<\/strong><\/p><p>La base legal para el tratamiento de sus datos personales es la aceptaci\u00f3n expl\u00edcita del tratamiento, gesti\u00f3n y almacenamiento de los mismos seg\u00fan esta pol\u00edtica de privacidad.<\/p><p><strong>CONSECUENCIAS DE NO ACEPTAR LA POL\u00cdTICA DE PRIVACIDAD.<\/strong><\/p><p>En caso de que no acepte la gesti\u00f3n de sus datos seg\u00fan esta pol\u00edtica de privacidad, no se proceder\u00e1 a la recopilaci\u00f3n de los mismos, lo que puede significar que el servicio proporcionado por Global Partners no pueda llevarse a cabo.<\/p><p><strong>AUTORIDAD DE PROTECCI\u00d3N DE DATOS EN ESPA\u00d1A.<\/strong><\/p><p>En caso de que quiera hacer valer sus derechos respecto a la protecci\u00f3n de datos y considere que no los estamos respetando, puede contactar con la autoridad espa\u00f1ola responsable.<\/p><p><strong>CAMBIOS EN LA POL\u00cdTICA DE PRIVACIDAD.<\/strong><\/p><p>Global Partners se reserva el derecho de modificar esta Pol\u00edtica de Privacidad, estas modificaciones se realizar\u00e1n de acuerdo con la legislaci\u00f3n y jurisprudencia y se reflejar\u00e1n en esta Pol\u00edtica de Privacidad.<\/p>\t\t\t\t\t\t\t\t<\/div>\n\t\t\t\t<\/div>\n\t\t\t\t\t<\/div>\n\t\t<\/div>\n\t\t\t\t\t<\/div>\n\t\t<\/section>\n\t\t\t\t<section class=\"elementor-section elementor-top-section elementor-element elementor-element-1ce0fbce elementor-section-boxed elementor-section-height-default elementor-section-height-default sc_fly_static\" data-id=\"1ce0fbce\" data-element_type=\"section\">\n\t\t\t\t\t\t<div class=\"elementor-container elementor-column-gap-extended\">\n\t\t\t\t\t<div class=\"elementor-column elementor-col-100 elementor-top-column elementor-element elementor-element-71737124 sc_content_align_inherit sc_layouts_column_icons_position_left sc_fly_static\" data-id=\"71737124\" data-element_type=\"column\">\n\t\t\t<div class=\"elementor-widget-wrap elementor-element-populated\">\n\t\t\t\t\t\t<div class=\"elementor-element elementor-element-653057c1 sc_fly_static elementor-widget elementor-widget-spacer\" data-id=\"653057c1\" data-element_type=\"widget\" data-widget_type=\"spacer.default\">\n\t\t\t\t<div class=\"elementor-widget-container\">\n\t\t\t\t\t\t\t<div class=\"elementor-spacer\">\n\t\t\t<div class=\"elementor-spacer-inner\"><\/div>\n\t\t<\/div>\n\t\t\t\t\t\t<\/div>\n\t\t\t\t<\/div>\n\t\t\t\t\t<\/div>\n\t\t<\/div>\n\t\t\t\t\t<\/div>\n\t\t<\/section>\n\t\t\t\t<\/div>\n\t\t","protected":false},"excerpt":{"rendered":"<p>Introducci\u00f3n. GP Destination Management SL, en adelante Global Partners, recopila, trata y almacena informaci\u00f3n personal a trav\u00e9s de su sitio web: gpdmc.com Esta informaci\u00f3n ser\u00e1 relativa a los usuarios de&hellip;<\/p>\n","protected":false},"author":1,"featured_media":0,"parent":0,"menu_order":0,"comment_status":"closed","ping_status":"closed","template":"","meta":{"footnotes":""},"class_list":["post-19600","page","type-page","status-publish","hentry"],"yoast_head":"<!-- This site is optimized with the Yoast SEO plugin v27.4 - https:\/\/yoast.com\/product\/yoast-seo-wordpress\/ -->\n<title>Pol\u00edtica de Privacidad - Global Partners - Meetings and events<\/title>\n<meta name=\"robots\" content=\"index, follow, max-snippet:-1, max-image-preview:large, max-video-preview:-1\" \/>\n<link rel=\"canonical\" href=\"https:\/\/gpdmc.com\/es\/privacy-policy\/\" \/>\n<meta property=\"og:locale\" content=\"es_ES\" \/>\n<meta property=\"og:type\" content=\"article\" \/>\n<meta property=\"og:title\" content=\"Pol\u00edtica de Privacidad - Global Partners - Meetings and events\" \/>\n<meta property=\"og:description\" content=\"Introducci\u00f3n. GP Destination Management SL, en adelante Global Partners, recopila, trata y almacena informaci\u00f3n personal a trav\u00e9s de su sitio web: gpdmc.com Esta informaci\u00f3n ser\u00e1 relativa a los usuarios de&hellip;\" \/>\n<meta property=\"og:url\" content=\"https:\/\/gpdmc.com\/es\/privacy-policy\/\" \/>\n<meta property=\"og:site_name\" content=\"Global Partners - Meetings and events\" \/>\n<meta property=\"article:modified_time\" content=\"2025-11-03T14:20:04+00:00\" \/>\n<meta property=\"og:image\" content=\"https:\/\/gpdmc.com\/wp-content\/uploads\/2021\/02\/logoGP.png\" \/>\n\t<meta property=\"og:image:width\" content=\"1096\" \/>\n\t<meta property=\"og:image:height\" content=\"436\" \/>\n\t<meta property=\"og:image:type\" content=\"image\/png\" \/>\n<meta name=\"twitter:card\" content=\"summary_large_image\" \/>\n<meta name=\"twitter:site\" content=\"@gpdmcbcn\" \/>\n<meta name=\"twitter:label1\" content=\"Tiempo de lectura\" \/>\n\t<meta name=\"twitter:data1\" content=\"4 minutos\" \/>\n<script type=\"application\/ld+json\" class=\"yoast-schema-graph\">{\"@context\":\"https:\\\/\\\/schema.org\",\"@graph\":[{\"@type\":\"WebPage\",\"@id\":\"https:\\\/\\\/gpdmc.com\\\/es\\\/privacy-policy\\\/\",\"url\":\"https:\\\/\\\/gpdmc.com\\\/es\\\/privacy-policy\\\/\",\"name\":\"Pol\u00edtica de Privacidad - Global Partners - Meetings and events\",\"isPartOf\":{\"@id\":\"https:\\\/\\\/gpdmc.com\\\/es\\\/#website\"},\"datePublished\":\"2025-05-13T08:17:35+00:00\",\"dateModified\":\"2025-11-03T14:20:04+00:00\",\"breadcrumb\":{\"@id\":\"https:\\\/\\\/gpdmc.com\\\/es\\\/privacy-policy\\\/#breadcrumb\"},\"inLanguage\":\"es\",\"potentialAction\":[{\"@type\":\"ReadAction\",\"target\":[\"https:\\\/\\\/gpdmc.com\\\/es\\\/privacy-policy\\\/\"]}]},{\"@type\":\"BreadcrumbList\",\"@id\":\"https:\\\/\\\/gpdmc.com\\\/es\\\/privacy-policy\\\/#breadcrumb\",\"itemListElement\":[{\"@type\":\"ListItem\",\"position\":1,\"name\":\"Portada\",\"item\":\"https:\\\/\\\/gpdmc.com\\\/es\\\/\"},{\"@type\":\"ListItem\",\"position\":2,\"name\":\"Pol\u00edtica de Privacidad\"}]},{\"@type\":\"WebSite\",\"@id\":\"https:\\\/\\\/gpdmc.com\\\/es\\\/#website\",\"url\":\"https:\\\/\\\/gpdmc.com\\\/es\\\/\",\"name\":\"Global Partners - Meetings and events\",\"description\":\"We are experts in Event Planning\",\"publisher\":{\"@id\":\"https:\\\/\\\/gpdmc.com\\\/es\\\/#organization\"},\"alternateName\":\"GPDMC\",\"potentialAction\":[{\"@type\":\"SearchAction\",\"target\":{\"@type\":\"EntryPoint\",\"urlTemplate\":\"https:\\\/\\\/gpdmc.com\\\/es\\\/?s={search_term_string}\"},\"query-input\":{\"@type\":\"PropertyValueSpecification\",\"valueRequired\":true,\"valueName\":\"search_term_string\"}}],\"inLanguage\":\"es\"},{\"@type\":\"Organization\",\"@id\":\"https:\\\/\\\/gpdmc.com\\\/es\\\/#organization\",\"name\":\"Global Partners - Meetings and events\",\"url\":\"https:\\\/\\\/gpdmc.com\\\/es\\\/\",\"logo\":{\"@type\":\"ImageObject\",\"inLanguage\":\"es\",\"@id\":\"https:\\\/\\\/gpdmc.com\\\/es\\\/#\\\/schema\\\/logo\\\/image\\\/\",\"url\":\"https:\\\/\\\/gpdmc.com\\\/wp-content\\\/uploads\\\/2021\\\/02\\\/logoGP.png\",\"contentUrl\":\"https:\\\/\\\/gpdmc.com\\\/wp-content\\\/uploads\\\/2021\\\/02\\\/logoGP.png\",\"width\":1096,\"height\":436,\"caption\":\"Global Partners - Meetings and events\"},\"image\":{\"@id\":\"https:\\\/\\\/gpdmc.com\\\/es\\\/#\\\/schema\\\/logo\\\/image\\\/\"},\"sameAs\":[\"https:\\\/\\\/x.com\\\/gpdmcbcn\",\"https:\\\/\\\/www.instagram.com\\\/gp_dmc\\\/\",\"https:\\\/\\\/www.linkedin.com\\\/company\\\/gp-destination-management\"]}]}<\/script>\n<!-- \/ Yoast SEO plugin. -->","yoast_head_json":{"title":"Pol\u00edtica de Privacidad - Global Partners - Meetings and events","robots":{"index":"index","follow":"follow","max-snippet":"max-snippet:-1","max-image-preview":"max-image-preview:large","max-video-preview":"max-video-preview:-1"},"canonical":"https:\/\/gpdmc.com\/es\/privacy-policy\/","og_locale":"es_ES","og_type":"article","og_title":"Pol\u00edtica de Privacidad - Global Partners - Meetings and events","og_description":"Introducci\u00f3n. GP Destination Management SL, en adelante Global Partners, recopila, trata y almacena informaci\u00f3n personal a trav\u00e9s de su sitio web: gpdmc.com Esta informaci\u00f3n ser\u00e1 relativa a los usuarios de&hellip;","og_url":"https:\/\/gpdmc.com\/es\/privacy-policy\/","og_site_name":"Global Partners - Meetings and events","article_modified_time":"2025-11-03T14:20:04+00:00","og_image":[{"width":1096,"height":436,"url":"https:\/\/gpdmc.com\/wp-content\/uploads\/2021\/02\/logoGP.png","type":"image\/png"}],"twitter_card":"summary_large_image","twitter_site":"@gpdmcbcn","twitter_misc":{"Tiempo de lectura":"4 minutos"},"schema":{"@context":"https:\/\/schema.org","@graph":[{"@type":"WebPage","@id":"https:\/\/gpdmc.com\/es\/privacy-policy\/","url":"https:\/\/gpdmc.com\/es\/privacy-policy\/","name":"Pol\u00edtica de Privacidad - Global Partners - Meetings and events","isPartOf":{"@id":"https:\/\/gpdmc.com\/es\/#website"},"datePublished":"2025-05-13T08:17:35+00:00","dateModified":"2025-11-03T14:20:04+00:00","breadcrumb":{"@id":"https:\/\/gpdmc.com\/es\/privacy-policy\/#breadcrumb"},"inLanguage":"es","potentialAction":[{"@type":"ReadAction","target":["https:\/\/gpdmc.com\/es\/privacy-policy\/"]}]},{"@type":"BreadcrumbList","@id":"https:\/\/gpdmc.com\/es\/privacy-policy\/#breadcrumb","itemListElement":[{"@type":"ListItem","position":1,"name":"Portada","item":"https:\/\/gpdmc.com\/es\/"},{"@type":"ListItem","position":2,"name":"Pol\u00edtica de Privacidad"}]},{"@type":"WebSite","@id":"https:\/\/gpdmc.com\/es\/#website","url":"https:\/\/gpdmc.com\/es\/","name":"Global Partners - Meetings and events","description":"We are experts in Event Planning","publisher":{"@id":"https:\/\/gpdmc.com\/es\/#organization"},"alternateName":"GPDMC","potentialAction":[{"@type":"SearchAction","target":{"@type":"EntryPoint","urlTemplate":"https:\/\/gpdmc.com\/es\/?s={search_term_string}"},"query-input":{"@type":"PropertyValueSpecification","valueRequired":true,"valueName":"search_term_string"}}],"inLanguage":"es"},{"@type":"Organization","@id":"https:\/\/gpdmc.com\/es\/#organization","name":"Global Partners - Meetings and events","url":"https:\/\/gpdmc.com\/es\/","logo":{"@type":"ImageObject","inLanguage":"es","@id":"https:\/\/gpdmc.com\/es\/#\/schema\/logo\/image\/","url":"https:\/\/gpdmc.com\/wp-content\/uploads\/2021\/02\/logoGP.png","contentUrl":"https:\/\/gpdmc.com\/wp-content\/uploads\/2021\/02\/logoGP.png","width":1096,"height":436,"caption":"Global Partners - Meetings and events"},"image":{"@id":"https:\/\/gpdmc.com\/es\/#\/schema\/logo\/image\/"},"sameAs":["https:\/\/x.com\/gpdmcbcn","https:\/\/www.instagram.com\/gp_dmc\/","https:\/\/www.linkedin.com\/company\/gp-destination-management"]}]}},"_links":{"self":[{"href":"https:\/\/gpdmc.com\/es\/wp-json\/wp\/v2\/pages\/19600","targetHints":{"allow":["GET"]}}],"collection":[{"href":"https:\/\/gpdmc.com\/es\/wp-json\/wp\/v2\/pages"}],"about":[{"href":"https:\/\/gpdmc.com\/es\/wp-json\/wp\/v2\/types\/page"}],"author":[{"embeddable":true,"href":"https:\/\/gpdmc.com\/es\/wp-json\/wp\/v2\/users\/1"}],"replies":[{"embeddable":true,"href":"https:\/\/gpdmc.com\/es\/wp-json\/wp\/v2\/comments?post=19600"}],"version-history":[{"count":7,"href":"https:\/\/gpdmc.com\/es\/wp-json\/wp\/v2\/pages\/19600\/revisions"}],"predecessor-version":[{"id":19695,"href":"https:\/\/gpdmc.com\/es\/wp-json\/wp\/v2\/pages\/19600\/revisions\/19695"}],"wp:attachment":[{"href":"https:\/\/gpdmc.com\/es\/wp-json\/wp\/v2\/media?parent=19600"}],"curies":[{"name":"wp","href":"https:\/\/api.w.org\/{rel}","templated":true}]}}