{"id":19619,"date":"2021-02-01T11:12:41","date_gmt":"2021-02-01T10:12:41","guid":{"rendered":"https:\/\/gpdmc.com\/contact\/"},"modified":"2026-02-12T09:22:18","modified_gmt":"2026-02-12T08:22:18","slug":"contacto","status":"publish","type":"page","link":"https:\/\/gpdmc.com\/es\/contacto\/","title":{"rendered":"Contacto"},"content":{"rendered":"\t\t<div data-elementor-type=\"wp-page\" data-elementor-id=\"19619\" class=\"elementor elementor-19619\" data-elementor-post-type=\"page\">\n\t\t\t\t\t\t<section class=\"elementor-section elementor-top-section elementor-element elementor-element-350f83a5 elementor-section-stretched scheme_light elementor-section-boxed elementor-section-height-default elementor-section-height-default sc_fly_static\" data-id=\"350f83a5\" data-element_type=\"section\" data-settings=\"{&quot;stretch_section&quot;:&quot;section-stretched&quot;,&quot;background_background&quot;:&quot;classic&quot;}\">\n\t\t\t\t\t\t\t<div class=\"elementor-background-overlay\"><\/div>\n\t\t\t\t\t\t\t<div class=\"elementor-container elementor-column-gap-extended\">\n\t\t\t\t\t<div class=\"elementor-column elementor-col-100 elementor-top-column elementor-element elementor-element-3a561f7 sc_content_align_inherit sc_layouts_column_icons_position_left sc_fly_static\" data-id=\"3a561f7\" data-element_type=\"column\">\n\t\t\t<div class=\"elementor-widget-wrap elementor-element-populated\">\n\t\t\t\t\t\t<div class=\"elementor-element elementor-element-7ca9fdcc sc_height_large sc_fly_static elementor-widget elementor-widget-spacer\" data-id=\"7ca9fdcc\" data-element_type=\"widget\" data-widget_type=\"spacer.default\">\n\t\t\t\t<div class=\"elementor-widget-container\">\n\t\t\t\t\t\t\t<div class=\"elementor-spacer\">\n\t\t\t<div class=\"elementor-spacer-inner\"><\/div>\n\t\t<\/div>\n\t\t\t\t\t\t<\/div>\n\t\t\t\t<\/div>\n\t\t\t\t<section class=\"elementor-section elementor-inner-section elementor-element elementor-element-cb9a4fb elementor-section-boxed elementor-section-height-default elementor-section-height-default sc_fly_static\" data-id=\"cb9a4fb\" data-element_type=\"section\">\n\t\t\t\t\t\t<div class=\"elementor-container elementor-column-gap-no\">\n\t\t\t\t\t<div class=\"elementor-column elementor-col-33 elementor-inner-column elementor-element elementor-element-30fd32c sc_content_align_inherit sc_layouts_column_icons_position_left sc_fly_static\" data-id=\"30fd32c\" data-element_type=\"column\">\n\t\t\t<div class=\"elementor-widget-wrap elementor-element-populated\">\n\t\t\t\t\t\t<div class=\"elementor-element elementor-element-bc5d828 sc_layouts_hide_on_mobile elementor-widget-mobile__width-inherit sc_fly_static elementor-widget elementor-widget-spacer\" data-id=\"bc5d828\" data-element_type=\"widget\" data-widget_type=\"spacer.default\">\n\t\t\t\t<div class=\"elementor-widget-container\">\n\t\t\t\t\t\t\t<div class=\"elementor-spacer\">\n\t\t\t<div class=\"elementor-spacer-inner\"><\/div>\n\t\t<\/div>\n\t\t\t\t\t\t<\/div>\n\t\t\t\t<\/div>\n\t\t\t\t<div class=\"elementor-element elementor-element-48bb578 elementor-widget-tablet__width-initial elementor-widget-mobile__width-initial sc_fly_static elementor-widget elementor-widget-trx_sc_title\" data-id=\"48bb578\" data-element_type=\"widget\" data-widget_type=\"trx_sc_title.default\">\n\t\t\t\t<div class=\"elementor-widget-container\">\n\t\t\t\t\t<div\t\tclass=\"sc_title sc_title_default\" ><h2 class=\"sc_item_title sc_title_title sc_item_title_style_default sc_item_title_tag\"\n\t\t\t><span class=\"sc_item_title_text\">Hablemos<\/span><\/h2><div class=\"sc_item_descr sc_title_descr\"><p>Siempre nos complace recibir peticiones y poder mandaros una propuesta adecuada. No dud\u00e9is en contactarnos a trav\u00e9s de cualquiera de nuestras plataformas. <\/p>\n<p>Nos encontramos en C. Viladomat, 08029 Barcelona. Espa\u00f1a. <\/p>\n<\/div><\/div>\t\t\t\t<\/div>\n\t\t\t\t<\/div>\n\t\t\t\t<div class=\"elementor-element elementor-element-26197fa sc_fly_static elementor-widget elementor-widget-spacer\" data-id=\"26197fa\" data-element_type=\"widget\" data-widget_type=\"spacer.default\">\n\t\t\t\t<div class=\"elementor-widget-container\">\n\t\t\t\t\t\t\t<div class=\"elementor-spacer\">\n\t\t\t<div class=\"elementor-spacer-inner\"><\/div>\n\t\t<\/div>\n\t\t\t\t\t\t<\/div>\n\t\t\t\t<\/div>\n\t\t\t\t<div class=\"elementor-element elementor-element-3b579ca sc_fly_static elementor-widget elementor-widget-trx_sc_icons\" data-id=\"3b579ca\" data-element_type=\"widget\" data-widget_type=\"trx_sc_icons.default\">\n\t\t\t\t<div class=\"elementor-widget-container\">\n\t\t\t\t\t<div \tclass=\"sc_icons sc_icons_simple sc_icons_size_small sc_align_none\" ><div class=\"sc_icons_item sc_icons_item_linked with_more\"><div class=\"sc_icons_item_details\"><a href=\"mailto:crishermosilla@gpdmc.com\" class=\"sc_icons_item_more_link\">\r\n                        <span class=\"link_text\">crishermosilla@gpdmc.com<\/span><span class=\"link_icon\"><\/span>\r\n                        <\/a><a href=\"mailto:crishermosilla@gpdmc.com\"\r\n                        class=\"sc_icons_item_link\">\r\n                        <\/a><\/div><\/div><\/div><!-- \/.sc_icons -->\t\t\t\t<\/div>\n\t\t\t\t<\/div>\n\t\t\t\t<div class=\"elementor-element elementor-element-7ceea4c sc_fly_static elementor-widget elementor-widget-spacer\" data-id=\"7ceea4c\" data-element_type=\"widget\" data-widget_type=\"spacer.default\">\n\t\t\t\t<div class=\"elementor-widget-container\">\n\t\t\t\t\t\t\t<div class=\"elementor-spacer\">\n\t\t\t<div class=\"elementor-spacer-inner\"><\/div>\n\t\t<\/div>\n\t\t\t\t\t\t<\/div>\n\t\t\t\t<\/div>\n\t\t\t\t<div class=\"elementor-element elementor-element-e0906f4 sc_fly_static elementor-widget elementor-widget-trx_sc_socials\" data-id=\"e0906f4\" data-element_type=\"widget\" data-widget_type=\"trx_sc_socials.default\">\n\t\t\t\t<div class=\"elementor-widget-container\">\n\t\t\t\t\t<div  \n\t\tclass=\"sc_socials sc_socials_default sc_align_none\" ><div class=\"socials_wrap sc_item_content\"><a target=\"_blank\" href=\"https:\/\/www.linkedin.com\/company\/gp-destination-management\" class=\"social_item social_item_style_icons sc_icon_type_icons social_item_type_icons\"><span class=\"social_icon social_icon_linkedin\" style=\"\"><span class=\"icon-linkedin\"><\/span><\/span><\/a><a target=\"_blank\" href=\"https:\/\/x.com\/gpdmcbcn\" class=\"social_item social_item_style_icons sc_icon_type_icons social_item_type_icons\"><span class=\"social_icon social_icon_twitter-x\" style=\"\"><span class=\"trx_addons_icon-twitter-x\"><\/span><\/span><\/a><a target=\"_blank\" href=\"https:\/\/www.instagram.com\/gp_dmc\/\" class=\"social_item social_item_style_icons sc_icon_type_icons social_item_type_icons\"><span class=\"social_icon social_icon_instagramm\" style=\"\"><span class=\"icon-instagramm\"><\/span><\/span><\/a><\/div><\/div>\t\t\t\t<\/div>\n\t\t\t\t<\/div>\n\t\t\t\t<div class=\"elementor-element elementor-element-23e9577 sc_height_medium sc_layouts_hide_on_wide sc_layouts_hide_on_desktop sc_layouts_hide_on_notebook sc_layouts_hide_on_tablet sc_fly_static elementor-widget elementor-widget-spacer\" data-id=\"23e9577\" data-element_type=\"widget\" data-widget_type=\"spacer.default\">\n\t\t\t\t<div class=\"elementor-widget-container\">\n\t\t\t\t\t\t\t<div class=\"elementor-spacer\">\n\t\t\t<div class=\"elementor-spacer-inner\"><\/div>\n\t\t<\/div>\n\t\t\t\t\t\t<\/div>\n\t\t\t\t<\/div>\n\t\t\t\t\t<\/div>\n\t\t<\/div>\n\t\t\t\t<div class=\"elementor-column elementor-col-66 elementor-inner-column elementor-element elementor-element-db6f343 sc_content_align_inherit sc_layouts_column_icons_position_left sc_fly_static\" data-id=\"db6f343\" data-element_type=\"column\">\n\t\t\t<div class=\"elementor-widget-wrap elementor-element-populated\">\n\t\t\t\t\t\t<div class=\"elementor-element elementor-element-dc24884 elementor-widget-mobile__width-initial sc_fly_static elementor-widget elementor-widget-trx_sc_contact_form_7\" data-id=\"dc24884\" data-element_type=\"widget\" data-widget_type=\"trx_sc_contact_form_7.default\">\n\t\t\t\t<div class=\"elementor-widget-container\">\n\t\t\t\t\t\n<div class=\"wpcf7 no-js\" id=\"wpcf7-f19495-o1\" lang=\"en-US\" dir=\"ltr\" data-wpcf7-id=\"19495\">\n<div class=\"screen-reader-response\"><p role=\"status\" aria-live=\"polite\" aria-atomic=\"true\"><\/p> <ul><\/ul><\/div>\n<form action=\"\/es\/wp-json\/wp\/v2\/pages\/19619#wpcf7-f19495-o1\" method=\"post\" class=\"wpcf7-form init\" aria-label=\"Contact form\" novalidate=\"novalidate\" data-status=\"init\">\n<fieldset class=\"hidden-fields-container\"><input type=\"hidden\" name=\"_wpcf7\" value=\"19495\" \/><input type=\"hidden\" name=\"_wpcf7_version\" value=\"6.1.5\" \/><input type=\"hidden\" name=\"_wpcf7_locale\" value=\"en_US\" \/><input type=\"hidden\" name=\"_wpcf7_unit_tag\" value=\"wpcf7-f19495-o1\" \/><input type=\"hidden\" name=\"_wpcf7_container_post\" value=\"0\" \/><input type=\"hidden\" name=\"_wpcf7_posted_data_hash\" value=\"\" \/>\n<\/fieldset>\n<div class=\"form-style-3\">\n\t<div class=\"columns_wrap\">\n\t\t<div class=\"column-1_2\">\n\t\t\t<p><span class=\"style-line icon-name\"><span class=\"wpcf7-form-control-wrap\" data-name=\"your-name\"><input size=\"40\" maxlength=\"400\" class=\"wpcf7-form-control wpcf7-text wpcf7-validates-as-required\" aria-required=\"true\" aria-invalid=\"false\" placeholder=\"Nombre\" value=\"\" type=\"text\" name=\"your-name\" \/><\/span><\/span>\n\t\t\t<\/p>\n\t\t<\/div>\n\t\t<div class=\"column-1_2\">\n\t\t\t<p><span class=\"style-line icon-email\"><span class=\"wpcf7-form-control-wrap\" data-name=\"your-email\"><input size=\"40\" maxlength=\"400\" class=\"wpcf7-form-control wpcf7-email wpcf7-validates-as-required wpcf7-text wpcf7-validates-as-email\" aria-required=\"true\" aria-invalid=\"false\" placeholder=\"Correo Electr\u00f3nico\" value=\"\" type=\"email\" name=\"your-email\" \/><\/span><\/span>\n\t\t\t<\/p>\n\t\t<\/div>\n\t<\/div>\n\t<div class=\"columns_wrap\">\n\t\t<div class=\"column-1_2\">\n\t\t\t<p><span class=\"style-line icon-phone\"><span class=\"wpcf7-form-control-wrap\" data-name=\"phone\"><input size=\"40\" maxlength=\"400\" class=\"wpcf7-form-control wpcf7-tel wpcf7-validates-as-required wpcf7-text wpcf7-validates-as-tel\" aria-required=\"true\" aria-invalid=\"false\" placeholder=\"Tel\u00e9fono\" value=\"\" type=\"tel\" name=\"phone\" \/><\/span><\/span>\n\t\t\t<\/p>\n\t\t<\/div>\n\t\t<div class=\"column-1_2\">\n\t\t\t<p><span class=\"style-line icon-subject\"><span class=\"wpcf7-form-control-wrap\" data-name=\"subject\"><input size=\"40\" maxlength=\"400\" class=\"wpcf7-form-control wpcf7-text wpcf7-validates-as-required\" aria-required=\"true\" aria-invalid=\"false\" placeholder=\"Asunto\" value=\"\" type=\"text\" name=\"subject\" \/><\/span><\/span>\n\t\t\t<\/p>\n\t\t<\/div>\n\t<\/div>\n\t<div class=\"columns_wrap margin-bottom\">\n\t\t<div class=\"column-1_1\">\n\t\t\t<p><span class=\"style-line icon-textarea\"><span class=\"wpcf7-form-control-wrap\" data-name=\"your-message\"><textarea cols=\"40\" rows=\"10\" maxlength=\"2000\" class=\"wpcf7-form-control wpcf7-textarea wpcf7-validates-as-required\" aria-required=\"true\" aria-invalid=\"false\" placeholder=\"\u00bfC\u00f3mo podemos ayudarte? \u00a1No dud\u00e1is a poneros en contacto!\" name=\"your-message\"><\/textarea><\/span><\/span>\n\t\t\t<\/p>\n\t\t<\/div>\n\t<\/div>\n\t<p><span class=\"wpcf7-form-control-wrap\" data-name=\"acceptance\"><span class=\"wpcf7-form-control wpcf7-acceptance\"><span class=\"wpcf7-list-item\"><label><input type=\"checkbox\" name=\"acceptance\" value=\"1\" aria-invalid=\"false\" \/><span class=\"wpcf7-list-item-label\">Acepta nuestras <a href=\"\/privacy-policy\/\">pol\u00edticas de privacidad<\/a>.<\/span><\/label><\/span><\/span><\/span>\n\t<\/p>\n\t<div>\n\t<\/div>\n\t<p><span class=\"wpcf7-form-control-wrap\" data-name=\"hcap-cf7\">\t\t<input\n\t\t\t\ttype=\"hidden\"\n\t\t\t\tclass=\"hcaptcha-widget-id\"\n\t\t\t\tname=\"hcaptcha-widget-id\"\n\t\t\t\tvalue=\"eyJzb3VyY2UiOlsiY29udGFjdC1mb3JtLTdcL3dwLWNvbnRhY3QtZm9ybS03LnBocCJdLCJmb3JtX2lkIjoxOTQ5NX0=-386c19d312e3a781937d165c338fe865\">\n\t\t\t\t<span id=\"hcap_cf7-69ea52ba534430.52856026\" class=\"wpcf7-form-control h-captcha \"\n\t\t\tdata-sitekey=\"313a665e-e794-4be8-bca4-ae824f189ae6\"\n\t\t\tdata-theme=\"light\"\n\t\t\tdata-size=\"normal\"\n\t\t\tdata-auto=\"false\"\n\t\t\tdata-ajax=\"false\"\n\t\t\tdata-force=\"false\">\n\t\t<\/span>\n\t\t<input type=\"hidden\" id=\"_wpnonce\" name=\"_wpnonce\" value=\"98abdda3cf\" \/><input type=\"hidden\" name=\"_wp_http_referer\" value=\"\/es\/wp-json\/wp\/v2\/pages\/19619\" \/><\/span><input class=\"wpcf7-form-control wpcf7-submit has-spinner\" type=\"submit\" value=\"Enviar\" \/>\n\t<\/p>\n<\/div><div class=\"wpcf7-response-output\" aria-hidden=\"true\"><\/div>\n<\/form>\n<\/div>\n\t\t\t\t<\/div>\n\t\t\t\t<\/div>\n\t\t\t\t\t<\/div>\n\t\t<\/div>\n\t\t\t\t\t<\/div>\n\t\t<\/section>\n\t\t\t\t<div class=\"elementor-element elementor-element-510a68fd sc_height_huge sc_fly_static elementor-widget elementor-widget-spacer\" data-id=\"510a68fd\" data-element_type=\"widget\" data-widget_type=\"spacer.default\">\n\t\t\t\t<div class=\"elementor-widget-container\">\n\t\t\t\t\t\t\t<div class=\"elementor-spacer\">\n\t\t\t<div class=\"elementor-spacer-inner\"><\/div>\n\t\t<\/div>\n\t\t\t\t\t\t<\/div>\n\t\t\t\t<\/div>\n\t\t\t\t\t<\/div>\n\t\t<\/div>\n\t\t\t\t\t<\/div>\n\t\t<\/section>\n\t\t\t\t<section class=\"elementor-section elementor-top-section elementor-element elementor-element-b35b84a elementor-section-stretched elementor-section-full_width elementor-section-height-default elementor-section-height-default sc_fly_static\" data-id=\"b35b84a\" data-element_type=\"section\" data-settings=\"{&quot;stretch_section&quot;:&quot;section-stretched&quot;,&quot;background_background&quot;:&quot;classic&quot;}\">\n\t\t\t\t\t\t<div class=\"elementor-container elementor-column-gap-no\">\n\t\t\t\t\t<div class=\"elementor-column elementor-col-100 elementor-top-column elementor-element elementor-element-d92b45a sc_content_align_inherit sc_layouts_column_icons_position_left sc_fly_static\" data-id=\"d92b45a\" data-element_type=\"column\">\n\t\t\t<div class=\"elementor-widget-wrap elementor-element-populated\">\n\t\t\t\t\t\t<div class=\"elementor-element elementor-element-0a4c225 sc_fly_static elementor-widget elementor-widget-trx_sc_googlemap\" data-id=\"0a4c225\" data-element_type=\"widget\" data-widget_type=\"trx_sc_googlemap.default\">\n\t\t\t\t<div class=\"elementor-widget-container\">\n\t\t\t\t\t<div id=\"sc_googlemap_1843983625_wrap\" class=\"sc_googlemap_wrap\"><div id=\"sc_googlemap_1843983625\"\t\t\tclass=\"sc_item_content sc_map sc_googlemap sc_googlemap_default trx_addons_inline_1546868734\"\n\t\t\t \t\t\tdata-zoom=\"14\"\n\t\t\tdata-center=\"\"\n\t\t\tdata-style=\"extra\"\n\t\t\tdata-map-id=\"\"\n\t\t\tdata-cluster-icon=\"\"\n\t\t\t><iframe\n\t\t\t\t\t\tsrc=\"https:\/\/maps.google.com\/maps?t=m&output=embed&iwloc=near&z=14&q=Carrer+de+Viladomat%2C+321%2C+08029%2C+Barcelona\"\n\t\t\t\t\t\taria-label=\"\"><\/iframe><\/div><\/div>\t\t\t\t<\/div>\n\t\t\t\t<\/div>\n\t\t\t\t\t<\/div>\n\t\t<\/div>\n\t\t\t\t\t<\/div>\n\t\t<\/section>\n\t\t\t\t<section class=\"elementor-section elementor-top-section elementor-element elementor-element-3e1ebc3c scheme_default elementor-section-stretched elementor-section-boxed elementor-section-height-default elementor-section-height-default sc_fly_static\" data-id=\"3e1ebc3c\" data-element_type=\"section\" data-settings=\"{&quot;background_background&quot;:&quot;classic&quot;,&quot;stretch_section&quot;:&quot;section-stretched&quot;}\">\n\t\t\t\t\t\t\t<div class=\"elementor-background-overlay\"><\/div>\n\t\t\t\t\t\t\t<div class=\"elementor-container elementor-column-gap-extended\">\n\t\t\t\t\t<div class=\"elementor-column elementor-col-100 elementor-top-column elementor-element elementor-element-7aadbc90 sc_content_align_inherit sc_layouts_column_icons_position_left sc_fly_static\" data-id=\"7aadbc90\" data-element_type=\"column\">\n\t\t\t<div class=\"elementor-widget-wrap elementor-element-populated\">\n\t\t\t\t\t\t<div class=\"elementor-element elementor-element-722df580 sc_fly_static elementor-widget elementor-widget-spacer\" data-id=\"722df580\" data-element_type=\"widget\" data-widget_type=\"spacer.default\">\n\t\t\t\t<div class=\"elementor-widget-container\">\n\t\t\t\t\t\t\t<div class=\"elementor-spacer\">\n\t\t\t<div class=\"elementor-spacer-inner\"><\/div>\n\t\t<\/div>\n\t\t\t\t\t\t<\/div>\n\t\t\t\t<\/div>\n\t\t\t\t<div class=\"elementor-element elementor-element-a452e07 sc_fly_static elementor-widget elementor-widget-trx_sc_title\" data-id=\"a452e07\" data-element_type=\"widget\" data-widget_type=\"trx_sc_title.default\">\n\t\t\t\t<div class=\"elementor-widget-container\">\n\t\t\t\t\t<div\t\tclass=\"sc_title sc_title_default\" ><h2 class=\"sc_item_title sc_title_title sc_align_center sc_item_title_style_default sc_item_title_tag trx_addons_inline_1275256646 sc_typed\"\n\t\t\t><span class=\"sc_item_title_text\">Dise\u00f1amos y operamos eventos por <br> toda Espa\u00f1a y la mayor\u00eda de grandes <br> ciudades europeas como <span class=\"sc_typed_entry trx_addons_inline_1467704679\" data-strings=\"[&quot;\\u00c1msterdam&quot;,&quot;Berl\\u00edn&quot;,&quot;Londres&quot;,&quot;Mil\\u00e1n&quot;,&quot;Par\\u00eds&quot;,&quot;Viena&quot;,&quot;Los \\u00c1ngeles&quot;,&quot;San Francisco&quot;,&quot;Beijing&quot;,&quot;Dub\\u00e1i&quot;,&quot;Melbourne&quot;,&quot;Shangh\\u00e1i&quot;]\" data-loop=\"1\" data-cursor=\"1\" data-cursor-char=\"_\" data-speed=\"6\" data-delay=\"1\">\u00c1msterdam<\/span><\/span><\/h2><\/div>\t\t\t\t<\/div>\n\t\t\t\t<\/div>\n\t\t\t\t<div class=\"elementor-element elementor-element-5598e3a4 sc_fly_static elementor-widget elementor-widget-spacer\" data-id=\"5598e3a4\" data-element_type=\"widget\" data-widget_type=\"spacer.default\">\n\t\t\t\t<div class=\"elementor-widget-container\">\n\t\t\t\t\t\t\t<div class=\"elementor-spacer\">\n\t\t\t<div class=\"elementor-spacer-inner\"><\/div>\n\t\t<\/div>\n\t\t\t\t\t\t<\/div>\n\t\t\t\t<\/div>\n\t\t\t\t\t<\/div>\n\t\t<\/div>\n\t\t\t\t\t<\/div>\n\t\t<\/section>\n\t\t\t\t<\/div>\n\t\t","protected":false},"excerpt":{"rendered":"<p>Hablemos Siempre nos complace recibir peticiones y poder mandaros una propuesta adecuada. No dud\u00e9is en contactarnos a trav\u00e9s de cualquiera de nuestras plataformas. Nos encontramos en C. Viladomat, 08029 Barcelona.&hellip;<\/p>\n","protected":false},"author":1,"featured_media":0,"parent":0,"menu_order":0,"comment_status":"closed","ping_status":"closed","template":"","meta":{"footnotes":""},"class_list":["post-19619","page","type-page","status-publish","hentry"],"yoast_head":"<!-- This site is optimized with the Yoast SEO plugin v27.4 - https:\/\/yoast.com\/product\/yoast-seo-wordpress\/ -->\n<title>Contacto - Global Partners - Meetings and events<\/title>\n<meta name=\"robots\" content=\"index, follow, max-snippet:-1, max-image-preview:large, max-video-preview:-1\" \/>\n<link rel=\"canonical\" href=\"https:\/\/gpdmc.com\/es\/contacto\/\" \/>\n<meta property=\"og:locale\" content=\"es_ES\" \/>\n<meta property=\"og:type\" content=\"article\" \/>\n<meta property=\"og:title\" content=\"Contacto - Global Partners - Meetings and events\" \/>\n<meta property=\"og:description\" content=\"Hablemos Siempre nos complace recibir peticiones y poder mandaros una propuesta adecuada. No dud\u00e9is en contactarnos a trav\u00e9s de cualquiera de nuestras plataformas. Nos encontramos en C. Viladomat, 08029 Barcelona.&hellip;\" \/>\n<meta property=\"og:url\" content=\"https:\/\/gpdmc.com\/es\/contacto\/\" \/>\n<meta property=\"og:site_name\" content=\"Global Partners - Meetings and events\" \/>\n<meta property=\"article:modified_time\" content=\"2026-02-12T08:22:18+00:00\" \/>\n<meta property=\"og:image\" content=\"https:\/\/gpdmc.com\/wp-content\/uploads\/2021\/02\/logoGP.png\" \/>\n\t<meta property=\"og:image:width\" content=\"1096\" \/>\n\t<meta property=\"og:image:height\" content=\"436\" \/>\n\t<meta property=\"og:image:type\" content=\"image\/png\" \/>\n<meta name=\"twitter:card\" content=\"summary_large_image\" \/>\n<meta name=\"twitter:site\" content=\"@gpdmcbcn\" \/>\n<meta name=\"twitter:label1\" content=\"Tiempo de lectura\" \/>\n\t<meta name=\"twitter:data1\" content=\"1 minuto\" \/>\n<script type=\"application\/ld+json\" class=\"yoast-schema-graph\">{\"@context\":\"https:\\\/\\\/schema.org\",\"@graph\":[{\"@type\":\"WebPage\",\"@id\":\"https:\\\/\\\/gpdmc.com\\\/es\\\/contacto\\\/\",\"url\":\"https:\\\/\\\/gpdmc.com\\\/es\\\/contacto\\\/\",\"name\":\"Contacto - Global Partners - Meetings and events\",\"isPartOf\":{\"@id\":\"https:\\\/\\\/gpdmc.com\\\/es\\\/#website\"},\"datePublished\":\"2021-02-01T10:12:41+00:00\",\"dateModified\":\"2026-02-12T08:22:18+00:00\",\"breadcrumb\":{\"@id\":\"https:\\\/\\\/gpdmc.com\\\/es\\\/contacto\\\/#breadcrumb\"},\"inLanguage\":\"es\",\"potentialAction\":[{\"@type\":\"ReadAction\",\"target\":[\"https:\\\/\\\/gpdmc.com\\\/es\\\/contacto\\\/\"]}]},{\"@type\":\"BreadcrumbList\",\"@id\":\"https:\\\/\\\/gpdmc.com\\\/es\\\/contacto\\\/#breadcrumb\",\"itemListElement\":[{\"@type\":\"ListItem\",\"position\":1,\"name\":\"Portada\",\"item\":\"https:\\\/\\\/gpdmc.com\\\/es\\\/\"},{\"@type\":\"ListItem\",\"position\":2,\"name\":\"Contacto\"}]},{\"@type\":\"WebSite\",\"@id\":\"https:\\\/\\\/gpdmc.com\\\/es\\\/#website\",\"url\":\"https:\\\/\\\/gpdmc.com\\\/es\\\/\",\"name\":\"Global Partners - Meetings and events\",\"description\":\"We are experts in Event Planning\",\"publisher\":{\"@id\":\"https:\\\/\\\/gpdmc.com\\\/es\\\/#organization\"},\"alternateName\":\"GPDMC\",\"potentialAction\":[{\"@type\":\"SearchAction\",\"target\":{\"@type\":\"EntryPoint\",\"urlTemplate\":\"https:\\\/\\\/gpdmc.com\\\/es\\\/?s={search_term_string}\"},\"query-input\":{\"@type\":\"PropertyValueSpecification\",\"valueRequired\":true,\"valueName\":\"search_term_string\"}}],\"inLanguage\":\"es\"},{\"@type\":\"Organization\",\"@id\":\"https:\\\/\\\/gpdmc.com\\\/es\\\/#organization\",\"name\":\"Global Partners - Meetings and events\",\"url\":\"https:\\\/\\\/gpdmc.com\\\/es\\\/\",\"logo\":{\"@type\":\"ImageObject\",\"inLanguage\":\"es\",\"@id\":\"https:\\\/\\\/gpdmc.com\\\/es\\\/#\\\/schema\\\/logo\\\/image\\\/\",\"url\":\"https:\\\/\\\/gpdmc.com\\\/wp-content\\\/uploads\\\/2021\\\/02\\\/logoGP.png\",\"contentUrl\":\"https:\\\/\\\/gpdmc.com\\\/wp-content\\\/uploads\\\/2021\\\/02\\\/logoGP.png\",\"width\":1096,\"height\":436,\"caption\":\"Global Partners - Meetings and events\"},\"image\":{\"@id\":\"https:\\\/\\\/gpdmc.com\\\/es\\\/#\\\/schema\\\/logo\\\/image\\\/\"},\"sameAs\":[\"https:\\\/\\\/x.com\\\/gpdmcbcn\",\"https:\\\/\\\/www.instagram.com\\\/gp_dmc\\\/\",\"https:\\\/\\\/www.linkedin.com\\\/company\\\/gp-destination-management\"]}]}<\/script>\n<!-- \/ Yoast SEO plugin. -->","yoast_head_json":{"title":"Contacto - Global Partners - Meetings and events","robots":{"index":"index","follow":"follow","max-snippet":"max-snippet:-1","max-image-preview":"max-image-preview:large","max-video-preview":"max-video-preview:-1"},"canonical":"https:\/\/gpdmc.com\/es\/contacto\/","og_locale":"es_ES","og_type":"article","og_title":"Contacto - Global Partners - Meetings and events","og_description":"Hablemos Siempre nos complace recibir peticiones y poder mandaros una propuesta adecuada. No dud\u00e9is en contactarnos a trav\u00e9s de cualquiera de nuestras plataformas. Nos encontramos en C. Viladomat, 08029 Barcelona.&hellip;","og_url":"https:\/\/gpdmc.com\/es\/contacto\/","og_site_name":"Global Partners - Meetings and events","article_modified_time":"2026-02-12T08:22:18+00:00","og_image":[{"width":1096,"height":436,"url":"https:\/\/gpdmc.com\/wp-content\/uploads\/2021\/02\/logoGP.png","type":"image\/png"}],"twitter_card":"summary_large_image","twitter_site":"@gpdmcbcn","twitter_misc":{"Tiempo de lectura":"1 minuto"},"schema":{"@context":"https:\/\/schema.org","@graph":[{"@type":"WebPage","@id":"https:\/\/gpdmc.com\/es\/contacto\/","url":"https:\/\/gpdmc.com\/es\/contacto\/","name":"Contacto - Global Partners - Meetings and events","isPartOf":{"@id":"https:\/\/gpdmc.com\/es\/#website"},"datePublished":"2021-02-01T10:12:41+00:00","dateModified":"2026-02-12T08:22:18+00:00","breadcrumb":{"@id":"https:\/\/gpdmc.com\/es\/contacto\/#breadcrumb"},"inLanguage":"es","potentialAction":[{"@type":"ReadAction","target":["https:\/\/gpdmc.com\/es\/contacto\/"]}]},{"@type":"BreadcrumbList","@id":"https:\/\/gpdmc.com\/es\/contacto\/#breadcrumb","itemListElement":[{"@type":"ListItem","position":1,"name":"Portada","item":"https:\/\/gpdmc.com\/es\/"},{"@type":"ListItem","position":2,"name":"Contacto"}]},{"@type":"WebSite","@id":"https:\/\/gpdmc.com\/es\/#website","url":"https:\/\/gpdmc.com\/es\/","name":"Global Partners - Meetings and events","description":"We are experts in Event Planning","publisher":{"@id":"https:\/\/gpdmc.com\/es\/#organization"},"alternateName":"GPDMC","potentialAction":[{"@type":"SearchAction","target":{"@type":"EntryPoint","urlTemplate":"https:\/\/gpdmc.com\/es\/?s={search_term_string}"},"query-input":{"@type":"PropertyValueSpecification","valueRequired":true,"valueName":"search_term_string"}}],"inLanguage":"es"},{"@type":"Organization","@id":"https:\/\/gpdmc.com\/es\/#organization","name":"Global Partners - Meetings and events","url":"https:\/\/gpdmc.com\/es\/","logo":{"@type":"ImageObject","inLanguage":"es","@id":"https:\/\/gpdmc.com\/es\/#\/schema\/logo\/image\/","url":"https:\/\/gpdmc.com\/wp-content\/uploads\/2021\/02\/logoGP.png","contentUrl":"https:\/\/gpdmc.com\/wp-content\/uploads\/2021\/02\/logoGP.png","width":1096,"height":436,"caption":"Global Partners - Meetings and events"},"image":{"@id":"https:\/\/gpdmc.com\/es\/#\/schema\/logo\/image\/"},"sameAs":["https:\/\/x.com\/gpdmcbcn","https:\/\/www.instagram.com\/gp_dmc\/","https:\/\/www.linkedin.com\/company\/gp-destination-management"]}]}},"_links":{"self":[{"href":"https:\/\/gpdmc.com\/es\/wp-json\/wp\/v2\/pages\/19619","targetHints":{"allow":["GET"]}}],"collection":[{"href":"https:\/\/gpdmc.com\/es\/wp-json\/wp\/v2\/pages"}],"about":[{"href":"https:\/\/gpdmc.com\/es\/wp-json\/wp\/v2\/types\/page"}],"author":[{"embeddable":true,"href":"https:\/\/gpdmc.com\/es\/wp-json\/wp\/v2\/users\/1"}],"replies":[{"embeddable":true,"href":"https:\/\/gpdmc.com\/es\/wp-json\/wp\/v2\/comments?post=19619"}],"version-history":[{"count":30,"href":"https:\/\/gpdmc.com\/es\/wp-json\/wp\/v2\/pages\/19619\/revisions"}],"predecessor-version":[{"id":19962,"href":"https:\/\/gpdmc.com\/es\/wp-json\/wp\/v2\/pages\/19619\/revisions\/19962"}],"wp:attachment":[{"href":"https:\/\/gpdmc.com\/es\/wp-json\/wp\/v2\/media?parent=19619"}],"curies":[{"name":"wp","href":"https:\/\/api.w.org\/{rel}","templated":true}]}}